{"id":6,"date":"2018-11-27T09:17:28","date_gmt":"2018-11-27T09:17:28","guid":{"rendered":"https:\/\/wp.hybridfilter.se\/services\/"},"modified":"2022-05-24T18:43:36","modified_gmt":"2022-05-24T18:43:36","slug":"hybrid-filter","status":"publish","type":"page","link":"https:\/\/hybridfilter.se\/nb\/hybrid-filter\/","title":{"rendered":"Hybrid Filter"},"content":{"rendered":"<div data-elementor-type=\"wp-post\" data-elementor-id=\"6\" class=\"elementor elementor-6\">\n\t\t\t\t\t\t<section class=\"elementor-section elementor-top-section elementor-element elementor-element-33a79095 elementor-section-boxed elementor-section-height-default elementor-section-height-default\" data-id=\"33a79095\" data-element_type=\"section\" data-e-type=\"section\" data-settings=\"{&quot;background_background&quot;:&quot;classic&quot;}\">\n\t\t\t\t\t\t\t<div class=\"elementor-background-overlay\"><\/div>\n\t\t\t\t\t\t\t<div class=\"elementor-container elementor-column-gap-default\">\n\t\t\t\t\t<div class=\"elementor-column elementor-col-100 elementor-top-column elementor-element elementor-element-3706530d\" data-id=\"3706530d\" data-element_type=\"column\" data-e-type=\"column\">\n\t\t\t<div class=\"elementor-widget-wrap elementor-element-populated\">\n\t\t\t\t\t\t<div class=\"elementor-element elementor-element-537de1f elementor-widget elementor-widget-heading\" data-id=\"537de1f\" data-element_type=\"widget\" data-e-type=\"widget\" data-widget_type=\"heading.default\">\n\t\t\t\t<div class=\"elementor-widget-container\">\n\t\t\t\t\t<h1 class=\"elementor-heading-title elementor-size-default\">Hybridfilter\n<\/h1>\t\t\t\t<\/div>\n\t\t\t\t<\/div>\n\t\t\t\t\t<\/div>\n\t\t<\/div>\n\t\t\t\t\t<\/div>\n\t\t<\/section>\n\t\t\t\t<section class=\"elementor-section elementor-top-section elementor-element elementor-element-d246050 elementor-section-boxed elementor-section-height-default elementor-section-height-default\" data-id=\"d246050\" data-element_type=\"section\" data-e-type=\"section\">\n\t\t\t\t\t\t<div class=\"elementor-container elementor-column-gap-default\">\n\t\t\t\t\t<div class=\"elementor-column elementor-col-100 elementor-top-column elementor-element elementor-element-2545eb6\" data-id=\"2545eb6\" data-element_type=\"column\" data-e-type=\"column\">\n\t\t\t<div class=\"elementor-widget-wrap elementor-element-populated\">\n\t\t\t\t\t\t<div class=\"elementor-element elementor-element-09b81c1 elementor-widget elementor-widget-spacer\" data-id=\"09b81c1\" data-element_type=\"widget\" data-e-type=\"widget\" data-widget_type=\"spacer.default\">\n\t\t\t\t<div class=\"elementor-widget-container\">\n\t\t\t\t\t\t\t<div class=\"elementor-spacer\">\n\t\t\t<div class=\"elementor-spacer-inner\"><\/div>\n\t\t<\/div>\n\t\t\t\t\t\t<\/div>\n\t\t\t\t<\/div>\n\t\t\t\t<div class=\"elementor-element elementor-element-5bb5872 elementor-widget elementor-widget-heading\" data-id=\"5bb5872\" data-element_type=\"widget\" data-e-type=\"widget\" data-widget_type=\"heading.default\">\n\t\t\t\t<div class=\"elementor-widget-container\">\n\t\t\t\t\t<h2 class=\"elementor-heading-title elementor-size-default\">Hybridfilter \u2013 ett system f\u00f6r luktkontroll<\/h2>\t\t\t\t<\/div>\n\t\t\t\t<\/div>\n\t\t\t\t<div class=\"elementor-element elementor-element-1a0db37 elementor-widget elementor-widget-spacer\" data-id=\"1a0db37\" data-element_type=\"widget\" data-e-type=\"widget\" data-widget_type=\"spacer.default\">\n\t\t\t\t<div class=\"elementor-widget-container\">\n\t\t\t\t\t\t\t<div class=\"elementor-spacer\">\n\t\t\t<div class=\"elementor-spacer-inner\"><\/div>\n\t\t<\/div>\n\t\t\t\t\t\t<\/div>\n\t\t\t\t<\/div>\n\t\t\t\t<div class=\"elementor-element elementor-element-1b587f2 elementor-widget-divider--view-line elementor-widget elementor-widget-divider\" data-id=\"1b587f2\" data-element_type=\"widget\" data-e-type=\"widget\" data-widget_type=\"divider.default\">\n\t\t\t\t<div class=\"elementor-widget-container\">\n\t\t\t\t\t\t\t<div class=\"elementor-divider\">\n\t\t\t<span class=\"elementor-divider-separator\">\n\t\t\t\t\t\t<\/span>\n\t\t<\/div>\n\t\t\t\t\t\t<\/div>\n\t\t\t\t<\/div>\n\t\t\t\t<div class=\"elementor-element elementor-element-715f68f elementor-widget elementor-widget-heading\" data-id=\"715f68f\" data-element_type=\"widget\" data-e-type=\"widget\" data-widget_type=\"heading.default\">\n\t\t\t\t<div class=\"elementor-widget-container\">\n\t\t\t\t\t<h2 class=\"elementor-heading-title elementor-size-medium\">Fr\u00e5n aktivt kol till hybridfilter<\/h2>\t\t\t\t<\/div>\n\t\t\t\t<\/div>\n\t\t\t\t<div class=\"elementor-element elementor-element-f328c24 elementor-widget elementor-widget-text-editor\" data-id=\"f328c24\" data-element_type=\"widget\" data-e-type=\"widget\" data-widget_type=\"text-editor.default\">\n\t\t\t\t<div class=\"elementor-widget-container\">\n\t\t\t\t\t\t\t\t\t<p>Systemet med aktivt kol f\u00f6r luktkontroll i kloaker har l\u00e4nge varit v\u00e4lk\u00e4nt och \u00e4r v\u00e4l etablerat p\u00e5 marknaden.<\/p><p>Att anv\u00e4nda aktiva kolfilter f\u00f6r att avl\u00e4gsna svavelv\u00e4te\/d\u00e5lig lukt \u00e4r inget nytt. Vi vet att aktivt kol \u00e4r bra p\u00e5 att absorbera stora koncentrationer av svavelv\u00e4te och absolut n\u00f6dv\u00e4ndigt vid h\u00f6g belastning.<\/p><p>Erfarenheten visar dock att kol inte \u00e4r s\u00e5 f\u00f6rtjust i fukt. Porerna i kolet st\u00e4ngs alltf\u00f6r snabbt, vilket stoppar kolets f\u00f6rm\u00e5ga att absorbera de luktskapande gaserna tills det byts ut. F\u00f6r att bek\u00e4mpa detta problem introducerar vi h\u00e4r hybridfiltret: ett kombinationsfilter av aktivt kol och biomassa, som kan leva i fuktiga milj\u00f6er utan att t\u00e4ppas till.<\/p>\t\t\t\t\t\t\t\t<\/div>\n\t\t\t\t<\/div>\n\t\t\t\t<div class=\"elementor-element elementor-element-a94dd20 elementor-widget-divider--view-line elementor-widget elementor-widget-divider\" data-id=\"a94dd20\" data-element_type=\"widget\" data-e-type=\"widget\" data-widget_type=\"divider.default\">\n\t\t\t\t<div class=\"elementor-widget-container\">\n\t\t\t\t\t\t\t<div class=\"elementor-divider\">\n\t\t\t<span class=\"elementor-divider-separator\">\n\t\t\t\t\t\t<\/span>\n\t\t<\/div>\n\t\t\t\t\t\t<\/div>\n\t\t\t\t<\/div>\n\t\t\t\t<div class=\"elementor-element elementor-element-4d7d610 elementor-widget elementor-widget-heading\" data-id=\"4d7d610\" data-element_type=\"widget\" data-e-type=\"widget\" data-widget_type=\"heading.default\">\n\t\t\t\t<div class=\"elementor-widget-container\">\n\t\t\t\t\t<h2 class=\"elementor-heading-title elementor-size-medium\">Hybridfilter \u2013 aktivt kolfilter med biomassa<\/h2>\t\t\t\t<\/div>\n\t\t\t\t<\/div>\n\t\t\t\t<div class=\"elementor-element elementor-element-cc3b39a elementor-widget elementor-widget-text-editor\" data-id=\"cc3b39a\" data-element_type=\"widget\" data-e-type=\"widget\" data-widget_type=\"text-editor.default\">\n\t\t\t\t<div class=\"elementor-widget-container\">\n\t\t\t\t\t\t\t\t\t<p>Hybridfiltret \u00e4r en kombination av tre delar: en fysisk, en kemisk och en biologisk. Till skillnad mot de flesta andra filter, som fokuserar enbart p\u00e5 en av de tre delarna, \u00e4r hela tanken att dra nytta av samtliga delars f\u00f6rdelar.<\/p>\t\t\t\t\t\t\t\t<\/div>\n\t\t\t\t<\/div>\n\t\t\t\t<div class=\"elementor-element elementor-element-8492f5c elementor-widget elementor-widget-spacer\" data-id=\"8492f5c\" data-element_type=\"widget\" data-e-type=\"widget\" data-widget_type=\"spacer.default\">\n\t\t\t\t<div class=\"elementor-widget-container\">\n\t\t\t\t\t\t\t<div class=\"elementor-spacer\">\n\t\t\t<div class=\"elementor-spacer-inner\"><\/div>\n\t\t<\/div>\n\t\t\t\t\t\t<\/div>\n\t\t\t\t<\/div>\n\t\t\t\t\t<\/div>\n\t\t<\/div>\n\t\t\t\t\t<\/div>\n\t\t<\/section>\n\t\t\t\t<section class=\"elementor-section elementor-top-section elementor-element elementor-element-0b5762b elementor-section-boxed elementor-section-height-default elementor-section-height-default\" data-id=\"0b5762b\" data-element_type=\"section\" data-e-type=\"section\">\n\t\t\t\t\t\t<div class=\"elementor-container elementor-column-gap-default\">\n\t\t\t\t\t<div class=\"elementor-column elementor-col-50 elementor-top-column elementor-element elementor-element-8bf9018\" data-id=\"8bf9018\" data-element_type=\"column\" data-e-type=\"column\">\n\t\t\t<div class=\"elementor-widget-wrap elementor-element-populated\">\n\t\t\t\t\t\t<div class=\"elementor-element elementor-element-bd0deb5 elementor-widget elementor-widget-text-editor\" data-id=\"bd0deb5\" data-element_type=\"widget\" data-e-type=\"widget\" data-widget_type=\"text-editor.default\">\n\t\t\t\t<div class=\"elementor-widget-container\">\n\t\t\t\t\t\t\t\t\t<div class=\"wpb_column vc_column_container vc_col-sm-6\"><div class=\"vc_column-inner\"><div class=\"wpb_wrapper\"><div class=\"wpb_text_column wpb_content_element\"><div class=\"wpb_wrapper\"><p><strong>Den fysiska delen<\/strong> ger oss plastmediet, d\u00e4r de tv\u00e5 andra delarna s\u00e4tts fast. F\u00f6r att s\u00e4kerst\u00e4lla bortskaffning \u00e4r plastmediet gjort f\u00f6r att kunna br\u00e4nnas efter anv\u00e4ndning.<\/p><p><strong>Den kemiska delen<\/strong> omfattar anv\u00e4ndningen av kol, som i sig sj\u00e4lv \u00e4r v\u00e4l l\u00e4mpat att absorbera luktgaser, men som \u00e4ven ger oss en mycket stor yta och en riktigt bra grund f\u00f6r biomassan n\u00e4r den ska v\u00e4xa och sprida sig.<\/p><p><strong>Den biologiska delen<\/strong> \u00e4r en biomassa med bakterier vars sammans\u00e4ttning bek\u00e4mpar luktgaser, som svavelv\u00e4te, och har f\u00f6rm\u00e5gan att kunna \u201d\u00e4ta\u201d de gaspartiklar som absorberas av kolet.<br \/>Dessutom trivs biomassan b\u00e4st i fuktiga milj\u00f6er och fungerar som en sk\u00f6ld f\u00f6r kolet s\u00e5 att det inte t\u00e4pps till i mycket fuktiga milj\u00f6er.<\/p><p>Den bakteriekultur som anv\u00e4nds \u00e4r klassificerad som klass 1. Det \u00e4r samma klass som yoghurtbakterier, vilket inneb\u00e4r att den \u00e4r helt ofarlig f\u00f6r m\u00e4nniskor och djur.<\/p><\/div><\/div><\/div><\/div><\/div>\t\t\t\t\t\t\t\t<\/div>\n\t\t\t\t<\/div>\n\t\t\t\t\t<\/div>\n\t\t<\/div>\n\t\t\t\t<div class=\"elementor-column elementor-col-50 elementor-top-column elementor-element elementor-element-4918365\" data-id=\"4918365\" data-element_type=\"column\" data-e-type=\"column\">\n\t\t\t<div class=\"elementor-widget-wrap elementor-element-populated\">\n\t\t\t\t\t\t<div class=\"elementor-element elementor-element-bd2d59d elementor-widget elementor-widget-text-editor\" data-id=\"bd2d59d\" data-element_type=\"widget\" data-e-type=\"widget\" data-widget_type=\"text-editor.default\">\n\t\t\t\t<div class=\"elementor-widget-container\">\n\t\t\t\t\t\t\t\t\t<div class=\"wpb_column vc_column_container vc_col-sm-6\"><div class=\"vc_column-inner\"><div class=\"wpb_wrapper\"><div class=\"wpb_text_column wpb_content_element\"><div class=\"wpb_wrapper\"><p><strong>Ammoniak kan absorberas<br \/><\/strong>Efter flera tester blev det tydligt att det i vissa fall kvarstod en flyktig lukt efter att huvuddelen av luktgaserna hade avl\u00e4gsnats av filtret. Detta visade sig vara luktgasen ammoniak. F\u00f6r att motarbeta detta har vi i samarbete med v\u00e5ra tyska producenter utvecklat ett ammoniakfilter, som numera \u00e4r standard i v\u00e5ra hybridfilter.<\/p><p><strong>Gasf\u00f6rdelare<br \/><\/strong>I till\u00e4gg till hybrid- och ammoniakfiltret finns det \u00e4ven ett gasf\u00f6rdelarfilter, som f\u00f6rdelar gasen till hybridfiltret. De tre lagren \u00e4r uppbyggda som en sm\u00f6rg\u00e5s, d\u00e4r gasf\u00f6rdelarfiltret \u00e4r n\u00e4rmast gasen. D\u00e4refter kommer ammoniakfiltret, f\u00f6ljt av hybridfiltret.<\/p><p>I dag levereras alla v\u00e5ra filter med dessa f\u00f6rb\u00e4ttrade hybridfilter f\u00f6rutom minifiltren, som bara anv\u00e4nder aktivt kol.<\/p><\/div><\/div><\/div><\/div><\/div>\t\t\t\t\t\t\t\t<\/div>\n\t\t\t\t<\/div>\n\t\t\t\t\t<\/div>\n\t\t<\/div>\n\t\t\t\t\t<\/div>\n\t\t<\/section>\n\t\t\t\t<\/div>","protected":false},"excerpt":{"rendered":"<p>Hybridfilter Hybridfilter \u2013 ett system f\u00f6r luktkontroll Fr\u00e5n aktivt kol till hybridfilter Systemet med aktivt kol f\u00f6r luktkontroll i kloaker har l\u00e4nge varit v\u00e4lk\u00e4nt och \u00e4r v\u00e4l etablerat p\u00e5 marknaden. Att anv\u00e4nda aktiva kolfilter f\u00f6r att avl\u00e4gsna svavelv\u00e4te\/d\u00e5lig lukt \u00e4r inget nytt. Vi vet att aktivt kol \u00e4r bra p\u00e5 att absorbera stora koncentrationer av [&hellip;]<\/p>\n","protected":false},"author":1,"featured_media":0,"parent":0,"menu_order":0,"comment_status":"closed","ping_status":"closed","template":"","meta":{"site-sidebar-layout":"no-sidebar","site-content-layout":"page-builder","ast-site-content-layout":"default","site-content-style":"default","site-sidebar-style":"default","ast-global-header-display":"","ast-banner-title-visibility":"","ast-main-header-display":"","ast-hfb-above-header-display":"","ast-hfb-below-header-display":"","ast-hfb-mobile-header-display":"","site-post-title":"disabled","ast-breadcrumbs-content":"","ast-featured-img":"disabled","footer-sml-layout":"","ast-disable-related-posts":"","theme-transparent-header-meta":"enabled","adv-header-id-meta":"","stick-header-meta":"","header-above-stick-meta":"","header-main-stick-meta":"","header-below-stick-meta":"","astra-migrate-meta-layouts":"default","ast-page-background-enabled":"default","ast-page-background-meta":{"desktop":{"background-color":"","background-image":"","background-repeat":"repeat","background-position":"center center","background-size":"auto","background-attachment":"scroll","background-type":"","background-media":"","overlay-type":"","overlay-color":"","overlay-opacity":"","overlay-gradient":""},"tablet":{"background-color":"","background-image":"","background-repeat":"repeat","background-position":"center center","background-size":"auto","background-attachment":"scroll","background-type":"","background-media":"","overlay-type":"","overlay-color":"","overlay-opacity":"","overlay-gradient":""},"mobile":{"background-color":"","background-image":"","background-repeat":"repeat","background-position":"center center","background-size":"auto","background-attachment":"scroll","background-type":"","background-media":"","overlay-type":"","overlay-color":"","overlay-opacity":"","overlay-gradient":""}},"ast-content-background-meta":{"desktop":{"background-color":"var(--ast-global-color-5)","background-image":"","background-repeat":"repeat","background-position":"center center","background-size":"auto","background-attachment":"scroll","background-type":"","background-media":"","overlay-type":"","overlay-color":"","overlay-opacity":"","overlay-gradient":""},"tablet":{"background-color":"var(--ast-global-color-5)","background-image":"","background-repeat":"repeat","background-position":"center center","background-size":"auto","background-attachment":"scroll","background-type":"","background-media":"","overlay-type":"","overlay-color":"","overlay-opacity":"","overlay-gradient":""},"mobile":{"background-color":"var(--ast-global-color-5)","background-image":"","background-repeat":"repeat","background-position":"center center","background-size":"auto","background-attachment":"scroll","background-type":"","background-media":"","overlay-type":"","overlay-color":"","overlay-opacity":"","overlay-gradient":""}},"footnotes":""},"class_list":["post-6","page","type-page","status-publish","hentry"],"_links":{"self":[{"href":"https:\/\/hybridfilter.se\/nb\/wp-json\/wp\/v2\/pages\/6","targetHints":{"allow":["GET"]}}],"collection":[{"href":"https:\/\/hybridfilter.se\/nb\/wp-json\/wp\/v2\/pages"}],"about":[{"href":"https:\/\/hybridfilter.se\/nb\/wp-json\/wp\/v2\/types\/page"}],"author":[{"embeddable":true,"href":"https:\/\/hybridfilter.se\/nb\/wp-json\/wp\/v2\/users\/1"}],"replies":[{"embeddable":true,"href":"https:\/\/hybridfilter.se\/nb\/wp-json\/wp\/v2\/comments?post=6"}],"version-history":[{"count":16,"href":"https:\/\/hybridfilter.se\/nb\/wp-json\/wp\/v2\/pages\/6\/revisions"}],"predecessor-version":[{"id":1550,"href":"https:\/\/hybridfilter.se\/nb\/wp-json\/wp\/v2\/pages\/6\/revisions\/1550"}],"wp:attachment":[{"href":"https:\/\/hybridfilter.se\/nb\/wp-json\/wp\/v2\/media?parent=6"}],"curies":[{"name":"wp","href":"https:\/\/api.w.org\/{rel}","templated":true}]}}