{"id":1495,"date":"2022-05-23T09:58:16","date_gmt":"2022-05-23T09:58:16","guid":{"rendered":"https:\/\/wp.hybridfilter.se\/?page_id=1495"},"modified":"2022-05-23T10:03:10","modified_gmt":"2022-05-23T10:03:10","slug":"hf-flexfilter","status":"publish","type":"page","link":"https:\/\/hybridfilter.se\/nb\/hf-flexfilter\/","title":{"rendered":"HF-Flexfilter"},"content":{"rendered":"<div data-elementor-type=\"wp-page\" data-elementor-id=\"1495\" class=\"elementor elementor-1495\">\n\t\t\t\t\t\t<section class=\"elementor-section elementor-top-section elementor-element elementor-element-zwpvco6 elementor-section-boxed elementor-section-height-default elementor-section-height-default\" data-id=\"zwpvco6\" data-element_type=\"section\" data-e-type=\"section\" data-settings=\"{&quot;background_background&quot;:&quot;classic&quot;}\">\n\t\t\t\t\t\t\t<div class=\"elementor-background-overlay\"><\/div>\n\t\t\t\t\t\t\t<div class=\"elementor-container elementor-column-gap-default\">\n\t\t\t\t\t<div class=\"elementor-column elementor-col-100 elementor-top-column elementor-element elementor-element-90988fe\" data-id=\"90988fe\" data-element_type=\"column\" data-e-type=\"column\">\n\t\t\t<div class=\"elementor-widget-wrap elementor-element-populated\">\n\t\t\t\t\t\t<div class=\"elementor-element elementor-element-4a1c612 elementor-widget elementor-widget-heading\" data-id=\"4a1c612\" data-element_type=\"widget\" data-e-type=\"widget\" data-widget_type=\"heading.default\">\n\t\t\t\t<div class=\"elementor-widget-container\">\n\t\t\t\t\t<h1 class=\"elementor-heading-title elementor-size-default\">HF-Flexfilter<\/h1>\t\t\t\t<\/div>\n\t\t\t\t<\/div>\n\t\t\t\t\t<\/div>\n\t\t<\/div>\n\t\t\t\t\t<\/div>\n\t\t<\/section>\n\t\t\t\t<section class=\"elementor-section elementor-top-section elementor-element elementor-element-8a38d3a elementor-section-boxed elementor-section-height-default elementor-section-height-default\" data-id=\"8a38d3a\" data-element_type=\"section\" data-e-type=\"section\">\n\t\t\t\t\t\t<div class=\"elementor-container elementor-column-gap-default\">\n\t\t\t\t\t<div class=\"elementor-column elementor-col-100 elementor-top-column elementor-element elementor-element-a4e5537\" data-id=\"a4e5537\" data-element_type=\"column\" data-e-type=\"column\">\n\t\t\t<div class=\"elementor-widget-wrap elementor-element-populated\">\n\t\t\t\t\t\t<div class=\"elementor-element elementor-element-8cf3eb3 elementor-widget elementor-widget-spacer\" data-id=\"8cf3eb3\" data-element_type=\"widget\" data-e-type=\"widget\" data-widget_type=\"spacer.default\">\n\t\t\t\t<div class=\"elementor-widget-container\">\n\t\t\t\t\t\t\t<div class=\"elementor-spacer\">\n\t\t\t<div class=\"elementor-spacer-inner\"><\/div>\n\t\t<\/div>\n\t\t\t\t\t\t<\/div>\n\t\t\t\t<\/div>\n\t\t\t\t<div class=\"elementor-element elementor-element-0c815e0 elementor-widget elementor-widget-heading\" data-id=\"0c815e0\" data-element_type=\"widget\" data-e-type=\"widget\" data-widget_type=\"heading.default\">\n\t\t\t\t<div class=\"elementor-widget-container\">\n\t\t\t\t\t<h2 class=\"elementor-heading-title elementor-size-default\">HF-Flexfilter \u2013 Biomax serie<\/h2>\t\t\t\t<\/div>\n\t\t\t\t<\/div>\n\t\t\t\t<div class=\"elementor-element elementor-element-90f852c elementor-widget-divider--view-line elementor-widget elementor-widget-divider\" data-id=\"90f852c\" data-element_type=\"widget\" data-e-type=\"widget\" data-widget_type=\"divider.default\">\n\t\t\t\t<div class=\"elementor-widget-container\">\n\t\t\t\t\t\t\t<div class=\"elementor-divider\">\n\t\t\t<span class=\"elementor-divider-separator\">\n\t\t\t\t\t\t<\/span>\n\t\t<\/div>\n\t\t\t\t\t\t<\/div>\n\t\t\t\t<\/div>\n\t\t\t\t<div class=\"elementor-element elementor-element-836498b elementor-widget elementor-widget-text-editor\" data-id=\"836498b\" data-element_type=\"widget\" data-e-type=\"widget\" data-widget_type=\"text-editor.default\">\n\t\t\t\t<div class=\"elementor-widget-container\">\n\t\t\t\t\t\t\t\t\t<div class=\"wpb_column vc_column_container vc_col-sm-6\"><div class=\"vc_column-inner\"><div class=\"wpb_wrapper\"><div class=\"wpb_text_column wpb_content_element\"><div class=\"wpb_wrapper\"><p><strong>Som emissionsfilter i samband med avluft till omgivande milj\u00f6. Exempelvis:<\/strong><\/p><ul><li>Efter uppgraderingsanl\u00e4ggning<\/li><li>Efter skrubber (t.ex. Biogasclean) f\u00f6r avl\u00e4gsnande av den sista resten H2S (&lt; 50 ppm och ned till &lt; 3 ppm)<\/li><li>Avluft fr\u00e5n gaslagertankar (dubbelt membran)<\/li><li>G\u00f6dseltankar, Passiv utluftning eller Aktiv med luftv\u00e4xling via motor\/ventilator<\/li><li>Diverse utsugningar av blandluft<\/li><\/ul><\/div><\/div><\/div><\/div><\/div><div class=\"wpb_column vc_column_container vc_col-sm-6\"><div class=\"vc_column-inner\"><div class=\"wpb_wrapper\"><div class=\"wpb_text_column wpb_content_element\"><div class=\"wpb_wrapper\"><p>Hybridfiltermattor f\u00f6r biologisk rening av gasen best\u00e5r av kol, som ger en yta \u00e5t biomassan\/kulturen, vilken i sin tur neutraliserar svavelv\u00e4tet.<\/p><p>Biomassan \u00e4r effektiv ned till 5 grader Celsius, varefter det aktiva kolet tar vid. Hybridfiltermattorna medf\u00f6r i princip ingen tryckf\u00f6rlust, eftersom de inte \u00f6kar i vikt eller tar upp fukt.<\/p><p>Den genomsnittliga livsl\u00e4ngden f\u00f6r filtermattorna har f\u00f6rb\u00e4ttrats avsev\u00e4rt genom biologisk nedbrytning av luktgaserna. Beroende p\u00e5 belastning och luftvolym varierar livstiden fr\u00e5n ett till flera \u00e5r.<\/p><\/div><\/div><\/div><\/div><\/div>\t\t\t\t\t\t\t\t<\/div>\n\t\t\t\t<\/div>\n\t\t\t\t<div class=\"elementor-element elementor-element-6dc2c08 elementor-widget-divider--view-line elementor-widget elementor-widget-divider\" data-id=\"6dc2c08\" data-element_type=\"widget\" data-e-type=\"widget\" data-widget_type=\"divider.default\">\n\t\t\t\t<div class=\"elementor-widget-container\">\n\t\t\t\t\t\t\t<div class=\"elementor-divider\">\n\t\t\t<span class=\"elementor-divider-separator\">\n\t\t\t\t\t\t<\/span>\n\t\t<\/div>\n\t\t\t\t\t\t<\/div>\n\t\t\t\t<\/div>\n\t\t\t\t\t<\/div>\n\t\t<\/div>\n\t\t\t\t\t<\/div>\n\t\t<\/section>\n\t\t\t\t<section class=\"elementor-section elementor-top-section elementor-element elementor-element-dd829cf elementor-section-boxed elementor-section-height-default elementor-section-height-default\" data-id=\"dd829cf\" data-element_type=\"section\" data-e-type=\"section\">\n\t\t\t\t\t\t<div class=\"elementor-container elementor-column-gap-default\">\n\t\t\t\t\t<div class=\"elementor-column elementor-col-50 elementor-top-column elementor-element elementor-element-2019a0f\" data-id=\"2019a0f\" data-element_type=\"column\" data-e-type=\"column\">\n\t\t\t<div class=\"elementor-widget-wrap elementor-element-populated\">\n\t\t\t\t\t\t<div class=\"elementor-element elementor-element-ebdd244 elementor-widget elementor-widget-text-editor\" data-id=\"ebdd244\" data-element_type=\"widget\" data-e-type=\"widget\" data-widget_type=\"text-editor.default\">\n\t\t\t\t<div class=\"elementor-widget-container\">\n\t\t\t\t\t\t\t\t\t<h2>HF-FLEXfilter, BioMax-serien, ger f\u00f6ljande f\u00f6rdelar:<\/h2><ul><li>Ytterst effektiv minskning av lukten av svavelv\u00e4te<\/li><li>Skadliga och luktande gaser bryts ned av det biologiskt aktiva filtermaterialet<\/li><li>Optimerad f\u00f6rdelning av luftfl\u00f6de genom hela filterarealen<\/li><li>Kan anv\u00e4ndas f\u00f6r aktiv eller passiv utluftning<\/li><li>80 mm biofiltermattor kan dubbleras till max 160 mm per skikt<\/li><li>Aktiv ventilation via ventilator\/motor p\u00e5 avluftssidan<\/li><li>L\u00e5ng livstid via m\u00f6jligheten till flexibel filterareal<\/li><li>Snabbt och enkelt filterbyte via lucka p\u00e5 framsidan<\/li><li>Kompakt och robust design i PE-material<\/li><li>Bortskaffning av anv\u00e4nt filtermaterial till f\u00f6rbr\u00e4nning<\/li><li>Standardr\u00f6ranslutning DIN315<\/li><li>M\u00f6jlighet till montering av avtappningskran f\u00f6r kondens p\u00e5 1\u201d avtappningsstos<\/li><li>Ev. frostskydd f\u00f6r denna<\/li><\/ul>\t\t\t\t\t\t\t\t<\/div>\n\t\t\t\t<\/div>\n\t\t\t\t\t<\/div>\n\t\t<\/div>\n\t\t\t\t<div class=\"elementor-column elementor-col-50 elementor-top-column elementor-element elementor-element-ea6a282\" data-id=\"ea6a282\" data-element_type=\"column\" data-e-type=\"column\">\n\t\t\t<div class=\"elementor-widget-wrap elementor-element-populated\">\n\t\t\t\t\t\t<div class=\"elementor-element elementor-element-79cbea1 elementor-widget elementor-widget-spacer\" data-id=\"79cbea1\" data-element_type=\"widget\" data-e-type=\"widget\" data-widget_type=\"spacer.default\">\n\t\t\t\t<div class=\"elementor-widget-container\">\n\t\t\t\t\t\t\t<div class=\"elementor-spacer\">\n\t\t\t<div class=\"elementor-spacer-inner\"><\/div>\n\t\t<\/div>\n\t\t\t\t\t\t<\/div>\n\t\t\t\t<\/div>\n\t\t\t\t<div class=\"elementor-element elementor-element-0127fa1 elementor-widget elementor-widget-image\" data-id=\"0127fa1\" data-element_type=\"widget\" data-e-type=\"widget\" data-widget_type=\"image.default\">\n\t\t\t\t<div class=\"elementor-widget-container\">\n\t\t\t\t\t\t\t\t\t\t\t\t\t\t\t<img fetchpriority=\"high\" decoding=\"async\" width=\"700\" height=\"700\" src=\"https:\/\/hybridfilter.se\/wp-content\/uploads\/2022\/05\/HF-Flexfilter_img.jpg\" class=\"attachment-large size-large wp-image-1497\" alt=\"\" srcset=\"https:\/\/hybridfilter.se\/wp-content\/uploads\/2022\/05\/HF-Flexfilter_img.jpg 700w, https:\/\/hybridfilter.se\/wp-content\/uploads\/2022\/05\/HF-Flexfilter_img-300x300.jpg 300w, https:\/\/hybridfilter.se\/wp-content\/uploads\/2022\/05\/HF-Flexfilter_img-150x150.jpg 150w\" sizes=\"(max-width: 700px) 100vw, 700px\" \/>\t\t\t\t\t\t\t\t\t\t\t\t\t\t\t<\/div>\n\t\t\t\t<\/div>\n\t\t\t\t\t<\/div>\n\t\t<\/div>\n\t\t\t\t\t<\/div>\n\t\t<\/section>\n\t\t\t\t<section class=\"elementor-section elementor-top-section elementor-element elementor-element-68fcc3a elementor-section-boxed elementor-section-height-default elementor-section-height-default\" data-id=\"68fcc3a\" data-element_type=\"section\" data-e-type=\"section\">\n\t\t\t\t\t\t<div class=\"elementor-container elementor-column-gap-default\">\n\t\t\t\t\t<div class=\"elementor-column elementor-col-100 elementor-top-column elementor-element elementor-element-079c2e2\" data-id=\"079c2e2\" data-element_type=\"column\" data-e-type=\"column\">\n\t\t\t<div class=\"elementor-widget-wrap elementor-element-populated\">\n\t\t\t\t\t\t<div class=\"elementor-element elementor-element-7a25a25 elementor-widget-divider--view-line elementor-widget elementor-widget-divider\" data-id=\"7a25a25\" data-element_type=\"widget\" data-e-type=\"widget\" data-widget_type=\"divider.default\">\n\t\t\t\t<div class=\"elementor-widget-container\">\n\t\t\t\t\t\t\t<div class=\"elementor-divider\">\n\t\t\t<span class=\"elementor-divider-separator\">\n\t\t\t\t\t\t<\/span>\n\t\t<\/div>\n\t\t\t\t\t\t<\/div>\n\t\t\t\t<\/div>\n\t\t\t\t<div class=\"elementor-element elementor-element-8a297f2 elementor-widget elementor-widget-spacer\" data-id=\"8a297f2\" data-element_type=\"widget\" data-e-type=\"widget\" data-widget_type=\"spacer.default\">\n\t\t\t\t<div class=\"elementor-widget-container\">\n\t\t\t\t\t\t\t<div class=\"elementor-spacer\">\n\t\t\t<div class=\"elementor-spacer-inner\"><\/div>\n\t\t<\/div>\n\t\t\t\t\t\t<\/div>\n\t\t\t\t<\/div>\n\t\t\t\t<div class=\"elementor-element elementor-element-62ff361 elementor-widget elementor-widget-image\" data-id=\"62ff361\" data-element_type=\"widget\" data-e-type=\"widget\" data-widget_type=\"image.default\">\n\t\t\t\t<div class=\"elementor-widget-container\">\n\t\t\t\t\t\t\t\t\t\t\t\t\t\t\t<img decoding=\"async\" width=\"1024\" height=\"273\" src=\"https:\/\/hybridfilter.se\/wp-content\/uploads\/2022\/05\/flexfilter_i2-1024x273.png\" class=\"attachment-large size-large wp-image-1498\" alt=\"\" srcset=\"https:\/\/hybridfilter.se\/wp-content\/uploads\/2022\/05\/flexfilter_i2-1024x273.png 1024w, https:\/\/hybridfilter.se\/wp-content\/uploads\/2022\/05\/flexfilter_i2-300x80.png 300w, https:\/\/hybridfilter.se\/wp-content\/uploads\/2022\/05\/flexfilter_i2-768x205.png 768w, https:\/\/hybridfilter.se\/wp-content\/uploads\/2022\/05\/flexfilter_i2-1536x410.png 1536w, https:\/\/hybridfilter.se\/wp-content\/uploads\/2022\/05\/flexfilter_i2.png 1931w\" sizes=\"(max-width: 1024px) 100vw, 1024px\" \/>\t\t\t\t\t\t\t\t\t\t\t\t\t\t\t<\/div>\n\t\t\t\t<\/div>\n\t\t\t\t<div class=\"elementor-element elementor-element-d402d05 elementor-widget elementor-widget-spacer\" data-id=\"d402d05\" data-element_type=\"widget\" data-e-type=\"widget\" data-widget_type=\"spacer.default\">\n\t\t\t\t<div class=\"elementor-widget-container\">\n\t\t\t\t\t\t\t<div class=\"elementor-spacer\">\n\t\t\t<div class=\"elementor-spacer-inner\"><\/div>\n\t\t<\/div>\n\t\t\t\t\t\t<\/div>\n\t\t\t\t<\/div>\n\t\t\t\t\t<\/div>\n\t\t<\/div>\n\t\t\t\t\t<\/div>\n\t\t<\/section>\n\t\t\t\t<\/div>","protected":false},"excerpt":{"rendered":"<p>HF-Flexfilter HF-Flexfilter \u2013 Biomax serie Som emissionsfilter i samband med avluft till omgivande milj\u00f6. Exempelvis: Efter uppgraderingsanl\u00e4ggning Efter skrubber (t.ex. Biogasclean) f\u00f6r avl\u00e4gsnande av den sista resten H2S (&lt; 50 ppm och ned till &lt; 3 ppm) Avluft fr\u00e5n gaslagertankar (dubbelt membran) G\u00f6dseltankar, Passiv utluftning eller Aktiv med luftv\u00e4xling via motor\/ventilator Diverse utsugningar av blandluft [&hellip;]<\/p>\n","protected":false},"author":1,"featured_media":0,"parent":0,"menu_order":0,"comment_status":"closed","ping_status":"closed","template":"","meta":{"site-sidebar-layout":"no-sidebar","site-content-layout":"page-builder","ast-site-content-layout":"default","site-content-style":"default","site-sidebar-style":"default","ast-global-header-display":"","ast-banner-title-visibility":"","ast-main-header-display":"","ast-hfb-above-header-display":"","ast-hfb-below-header-display":"","ast-hfb-mobile-header-display":"","site-post-title":"disabled","ast-breadcrumbs-content":"","ast-featured-img":"disabled","footer-sml-layout":"","ast-disable-related-posts":"","theme-transparent-header-meta":"","adv-header-id-meta":"","stick-header-meta":"","header-above-stick-meta":"","header-main-stick-meta":"","header-below-stick-meta":"","astra-migrate-meta-layouts":"default","ast-page-background-enabled":"default","ast-page-background-meta":{"desktop":{"background-color":"","background-image":"","background-repeat":"repeat","background-position":"center center","background-size":"auto","background-attachment":"scroll","background-type":"","background-media":"","overlay-type":"","overlay-color":"","overlay-opacity":"","overlay-gradient":""},"tablet":{"background-color":"","background-image":"","background-repeat":"repeat","background-position":"center center","background-size":"auto","background-attachment":"scroll","background-type":"","background-media":"","overlay-type":"","overlay-color":"","overlay-opacity":"","overlay-gradient":""},"mobile":{"background-color":"","background-image":"","background-repeat":"repeat","background-position":"center center","background-size":"auto","background-attachment":"scroll","background-type":"","background-media":"","overlay-type":"","overlay-color":"","overlay-opacity":"","overlay-gradient":""}},"ast-content-background-meta":{"desktop":{"background-color":"var(--ast-global-color-5)","background-image":"","background-repeat":"repeat","background-position":"center center","background-size":"auto","background-attachment":"scroll","background-type":"","background-media":"","overlay-type":"","overlay-color":"","overlay-opacity":"","overlay-gradient":""},"tablet":{"background-color":"var(--ast-global-color-5)","background-image":"","background-repeat":"repeat","background-position":"center center","background-size":"auto","background-attachment":"scroll","background-type":"","background-media":"","overlay-type":"","overlay-color":"","overlay-opacity":"","overlay-gradient":""},"mobile":{"background-color":"var(--ast-global-color-5)","background-image":"","background-repeat":"repeat","background-position":"center center","background-size":"auto","background-attachment":"scroll","background-type":"","background-media":"","overlay-type":"","overlay-color":"","overlay-opacity":"","overlay-gradient":""}},"footnotes":""},"class_list":["post-1495","page","type-page","status-publish","hentry"],"_links":{"self":[{"href":"https:\/\/hybridfilter.se\/nb\/wp-json\/wp\/v2\/pages\/1495","targetHints":{"allow":["GET"]}}],"collection":[{"href":"https:\/\/hybridfilter.se\/nb\/wp-json\/wp\/v2\/pages"}],"about":[{"href":"https:\/\/hybridfilter.se\/nb\/wp-json\/wp\/v2\/types\/page"}],"author":[{"embeddable":true,"href":"https:\/\/hybridfilter.se\/nb\/wp-json\/wp\/v2\/users\/1"}],"replies":[{"embeddable":true,"href":"https:\/\/hybridfilter.se\/nb\/wp-json\/wp\/v2\/comments?post=1495"}],"version-history":[{"count":7,"href":"https:\/\/hybridfilter.se\/nb\/wp-json\/wp\/v2\/pages\/1495\/revisions"}],"predecessor-version":[{"id":1504,"href":"https:\/\/hybridfilter.se\/nb\/wp-json\/wp\/v2\/pages\/1495\/revisions\/1504"}],"wp:attachment":[{"href":"https:\/\/hybridfilter.se\/nb\/wp-json\/wp\/v2\/media?parent=1495"}],"curies":[{"name":"wp","href":"https:\/\/api.w.org\/{rel}","templated":true}]}}