{"id":1484,"date":"2022-05-23T09:53:54","date_gmt":"2022-05-23T09:53:54","guid":{"rendered":"https:\/\/wp.hybridfilter.se\/?page_id=1484"},"modified":"2022-05-23T09:54:28","modified_gmt":"2022-05-23T09:54:28","slug":"biogas-2","status":"publish","type":"page","link":"https:\/\/hybridfilter.se\/nb\/biogas-2\/","title":{"rendered":"biogas"},"content":{"rendered":"<div data-elementor-type=\"wp-page\" data-elementor-id=\"1484\" class=\"elementor elementor-1484\">\n\t\t\t\t\t\t<section class=\"elementor-section elementor-top-section elementor-element elementor-element-820ea25 elementor-section-boxed elementor-section-height-default elementor-section-height-default\" data-id=\"820ea25\" data-element_type=\"section\" data-e-type=\"section\" data-settings=\"{&quot;background_background&quot;:&quot;classic&quot;}\">\n\t\t\t\t\t\t\t<div class=\"elementor-background-overlay\"><\/div>\n\t\t\t\t\t\t\t<div class=\"elementor-container elementor-column-gap-default\">\n\t\t\t\t\t<div class=\"elementor-column elementor-col-100 elementor-top-column elementor-element elementor-element-90988fe\" data-id=\"90988fe\" data-element_type=\"column\" data-e-type=\"column\">\n\t\t\t<div class=\"elementor-widget-wrap elementor-element-populated\">\n\t\t\t\t\t\t<div class=\"elementor-element elementor-element-4a1c612 elementor-widget elementor-widget-heading\" data-id=\"4a1c612\" data-element_type=\"widget\" data-e-type=\"widget\" data-widget_type=\"heading.default\">\n\t\t\t\t<div class=\"elementor-widget-container\">\n\t\t\t\t\t<h1 class=\"elementor-heading-title elementor-size-default\">biogas<\/h1>\t\t\t\t<\/div>\n\t\t\t\t<\/div>\n\t\t\t\t\t<\/div>\n\t\t<\/div>\n\t\t\t\t\t<\/div>\n\t\t<\/section>\n\t\t\t\t<section class=\"elementor-section elementor-top-section elementor-element elementor-element-ba988b7 elementor-section-boxed elementor-section-height-default elementor-section-height-default\" data-id=\"ba988b7\" data-element_type=\"section\" data-e-type=\"section\">\n\t\t\t\t\t\t<div class=\"elementor-container elementor-column-gap-default\">\n\t\t\t\t\t<div class=\"elementor-column elementor-col-100 elementor-top-column elementor-element elementor-element-eecb133\" data-id=\"eecb133\" data-element_type=\"column\" data-e-type=\"column\">\n\t\t\t<div class=\"elementor-widget-wrap elementor-element-populated\">\n\t\t\t\t\t\t<div class=\"elementor-element elementor-element-1b178f8 elementor-widget elementor-widget-spacer\" data-id=\"1b178f8\" data-element_type=\"widget\" data-e-type=\"widget\" data-widget_type=\"spacer.default\">\n\t\t\t\t<div class=\"elementor-widget-container\">\n\t\t\t\t\t\t\t<div class=\"elementor-spacer\">\n\t\t\t<div class=\"elementor-spacer-inner\"><\/div>\n\t\t<\/div>\n\t\t\t\t\t\t<\/div>\n\t\t\t\t<\/div>\n\t\t\t\t<div class=\"elementor-element elementor-element-f466e97 elementor-widget elementor-widget-heading\" data-id=\"f466e97\" data-element_type=\"widget\" data-e-type=\"widget\" data-widget_type=\"heading.default\">\n\t\t\t\t<div class=\"elementor-widget-container\">\n\t\t\t\t\t<h2 class=\"elementor-heading-title elementor-size-default\">Den bakomliggande tekniken<\/h2>\t\t\t\t<\/div>\n\t\t\t\t<\/div>\n\t\t\t\t<div class=\"elementor-element elementor-element-69f404e elementor-widget-divider--view-line elementor-widget elementor-widget-divider\" data-id=\"69f404e\" data-element_type=\"widget\" data-e-type=\"widget\" data-widget_type=\"divider.default\">\n\t\t\t\t<div class=\"elementor-widget-container\">\n\t\t\t\t\t\t\t<div class=\"elementor-divider\">\n\t\t\t<span class=\"elementor-divider-separator\">\n\t\t\t\t\t\t<\/span>\n\t\t<\/div>\n\t\t\t\t\t\t<\/div>\n\t\t\t\t<\/div>\n\t\t\t\t<div class=\"elementor-element elementor-element-b7fb2f8 elementor-widget elementor-widget-text-editor\" data-id=\"b7fb2f8\" data-element_type=\"widget\" data-e-type=\"widget\" data-widget_type=\"text-editor.default\">\n\t\t\t\t<div class=\"elementor-widget-container\">\n\t\t\t\t\t\t\t\t\t<p>Svavelv\u00e4te ger inte bara en obehaglig lukt. Om koncentrationen \u00e4r tillr\u00e4ckligt h\u00f6g, kan det utg\u00f6ra en h\u00e4lsorisk \u2013 inte bara f\u00f6r m\u00e4nniskor och milj\u00f6, utan i h\u00f6g grad \u00e4ven f\u00f6r material som betong och metall\/st\u00e5l, liksom f\u00f6r elektronik.<\/p><p>Tack vare den dubbla filterfunktionen sl\u00e4pper det hybridaktiva biofiltret bara igenom oskadliga och knappt m\u00e4rkbara \u00e4mnen. Hybridfilter-systemet kombinerar fysiska och biologiska processer. Det \u00e4r denna kombination som ligger bakom systemets utm\u00e4rkta prestanda.<\/p>\t\t\t\t\t\t\t\t<\/div>\n\t\t\t\t<\/div>\n\t\t\t\t<div class=\"elementor-element elementor-element-d23110d elementor-widget-divider--view-line elementor-widget elementor-widget-divider\" data-id=\"d23110d\" data-element_type=\"widget\" data-e-type=\"widget\" data-widget_type=\"divider.default\">\n\t\t\t\t<div class=\"elementor-widget-container\">\n\t\t\t\t\t\t\t<div class=\"elementor-divider\">\n\t\t\t<span class=\"elementor-divider-separator\">\n\t\t\t\t\t\t<\/span>\n\t\t<\/div>\n\t\t\t\t\t\t<\/div>\n\t\t\t\t<\/div>\n\t\t\t\t\t<\/div>\n\t\t<\/div>\n\t\t\t\t\t<\/div>\n\t\t<\/section>\n\t\t\t\t<section class=\"elementor-section elementor-top-section elementor-element elementor-element-400fbb0 elementor-section-boxed elementor-section-height-default elementor-section-height-default\" data-id=\"400fbb0\" data-element_type=\"section\" data-e-type=\"section\">\n\t\t\t\t\t\t<div class=\"elementor-container elementor-column-gap-default\">\n\t\t\t\t\t<div class=\"elementor-column elementor-col-50 elementor-top-column elementor-element elementor-element-8a6f3db\" data-id=\"8a6f3db\" data-element_type=\"column\" data-e-type=\"column\">\n\t\t\t<div class=\"elementor-widget-wrap elementor-element-populated\">\n\t\t\t\t\t\t<div class=\"elementor-element elementor-element-79a7d80 elementor-widget elementor-widget-text-editor\" data-id=\"79a7d80\" data-element_type=\"widget\" data-e-type=\"widget\" data-widget_type=\"text-editor.default\">\n\t\t\t\t<div class=\"elementor-widget-container\">\n\t\t\t\t\t\t\t\t\t<div class=\"wpb_text_column wpb_content_element\"><div class=\"wpb_wrapper\"><p><strong>Biologiskt:<\/strong>\u00a0Specifika mikroorganismer p\u00e5f\u00f6rs p\u00e5 l\u00f6st texturerat PU-material. Medan utbl\u00e5sningsluften passerar igenom det, f\u00f6rses mikroorganismerna med n\u00e4rings\u00e4mnen, s\u00e5 att biokulturen aktiveras och kan v\u00e4xa. Det resulterar i det vi kallar biofilm eller biokultur, som i sin tur l\u00f6pande bidrar till uppkomsten av luktborttagande mikroorganismer.<\/p><p>Som ett resultat av detta kan svavelv\u00e4tet effektivt brytas ned, och filtrets prestanda f\u00f6rb\u00e4ttras v\u00e4sentligt.<\/p><p><strong>Fysiskt:<\/strong>\u00a0Kvarh\u00e5llande och ansamlande av gasmolekyler i filtrets aktiva kol. Ytorna har en katalytisk effekt, medan specifika kemiska \u00e4mnen har en skyddande och absorberande verkan.<\/p><p>Beroende p\u00e5 H2S-koncentration, luftm\u00e4ngd och filterdimensionering, ligger livstiden p\u00e5 ett till flera \u00e5r.<\/p><\/div><\/div><div class=\"wpb_text_column wpb_content_element\"><div class=\"wpb_wrapper\"><p><strong>S\u00e4kerhet<br \/><\/strong>Vid leveransen inneh\u00e5ller produkten enbart naturliga sp\u00e5r\u00e4mnen, n\u00e4rings\u00e4mnen (i enl. med BioStoffV. 27.01.1999) och mikroorganismer (riskgrupp 1) med l\u00e4mpliga fysiologiska egenskaper.<\/p><p>S\u00e5ledes inneh\u00e5ller produkterna, i enlighet med BioStoffV, inga patogener med human-, djur- eller v\u00e4xtsjukdomar (BioStoffV. 27.01.1999). F\u00f6rutom den kvalitetskontroll som g\u00f6rs i samband med fermenteringsprocessen, testas varje parti av produkten av ett ackrediterat laboratorium med avseende p\u00e5 patogener \u2013 detta f\u00f6r att utesluta en potentiell hygienisk eller medicinsk risk.<\/p><p>Om produkten anv\u00e4nds som avsett, finns ingen risk f\u00f6r infektion (Infektions- schutzgesetz (IfSG) 01.01.2001, BGBI. I S. 1045). Detta g\u00e4ller \u00e4ven vid delvist oralt intag.<\/p><\/div><\/div>\t\t\t\t\t\t\t\t<\/div>\n\t\t\t\t<\/div>\n\t\t\t\t\t<\/div>\n\t\t<\/div>\n\t\t\t\t<div class=\"elementor-column elementor-col-50 elementor-top-column elementor-element elementor-element-bfdf48e\" data-id=\"bfdf48e\" data-element_type=\"column\" data-e-type=\"column\">\n\t\t\t<div class=\"elementor-widget-wrap elementor-element-populated\">\n\t\t\t\t\t\t<div class=\"elementor-element elementor-element-cbaa328 elementor-widget elementor-widget-spacer\" data-id=\"cbaa328\" data-element_type=\"widget\" data-e-type=\"widget\" data-widget_type=\"spacer.default\">\n\t\t\t\t<div class=\"elementor-widget-container\">\n\t\t\t\t\t\t\t<div class=\"elementor-spacer\">\n\t\t\t<div class=\"elementor-spacer-inner\"><\/div>\n\t\t<\/div>\n\t\t\t\t\t\t<\/div>\n\t\t\t\t<\/div>\n\t\t\t\t<div class=\"elementor-element elementor-element-dd01f38 elementor-widget elementor-widget-image\" data-id=\"dd01f38\" data-element_type=\"widget\" data-e-type=\"widget\" data-widget_type=\"image.default\">\n\t\t\t\t<div class=\"elementor-widget-container\">\n\t\t\t\t\t\t\t\t\t\t\t\t\t\t\t<img fetchpriority=\"high\" decoding=\"async\" width=\"300\" height=\"424\" src=\"https:\/\/hybridfilter.se\/wp-content\/uploads\/2022\/05\/Biogas-brochure-img.jpg\" class=\"attachment-large size-large wp-image-1486\" alt=\"\" srcset=\"https:\/\/hybridfilter.se\/wp-content\/uploads\/2022\/05\/Biogas-brochure-img.jpg 300w, https:\/\/hybridfilter.se\/wp-content\/uploads\/2022\/05\/Biogas-brochure-img-212x300.jpg 212w\" sizes=\"(max-width: 300px) 100vw, 300px\" \/>\t\t\t\t\t\t\t\t\t\t\t\t\t\t\t<\/div>\n\t\t\t\t<\/div>\n\t\t\t\t<div class=\"elementor-element elementor-element-8455188 elementor-align-center elementor-widget elementor-widget-button\" data-id=\"8455188\" data-element_type=\"widget\" data-e-type=\"widget\" data-widget_type=\"button.default\">\n\t\t\t\t<div class=\"elementor-widget-container\">\n\t\t\t\t\t\t\t\t\t<div class=\"elementor-button-wrapper\">\n\t\t\t\t\t<a class=\"elementor-button elementor-button-link elementor-size-sm\" href=\"https:\/\/hybridfilter.se\/wp-content\/uploads\/2022\/05\/Biogas-brochure-SE-1.pdf\" target=\"_blank\">\n\t\t\t\t\t\t<span class=\"elementor-button-content-wrapper\">\n\t\t\t\t\t\t\t\t\t<span class=\"elementor-button-text\">broschyr<\/span>\n\t\t\t\t\t<\/span>\n\t\t\t\t\t<\/a>\n\t\t\t\t<\/div>\n\t\t\t\t\t\t\t\t<\/div>\n\t\t\t\t<\/div>\n\t\t\t\t\t<\/div>\n\t\t<\/div>\n\t\t\t\t\t<\/div>\n\t\t<\/section>\n\t\t\t\t<section class=\"elementor-section elementor-top-section elementor-element elementor-element-1c05d14 elementor-section-boxed elementor-section-height-default elementor-section-height-default\" data-id=\"1c05d14\" data-element_type=\"section\" data-e-type=\"section\">\n\t\t\t\t\t\t<div class=\"elementor-container elementor-column-gap-default\">\n\t\t\t\t\t<div class=\"elementor-column elementor-col-100 elementor-top-column elementor-element elementor-element-2ff6ed7\" data-id=\"2ff6ed7\" data-element_type=\"column\" data-e-type=\"column\">\n\t\t\t<div class=\"elementor-widget-wrap elementor-element-populated\">\n\t\t\t\t\t\t<div class=\"elementor-element elementor-element-4e234a7 elementor-widget elementor-widget-spacer\" data-id=\"4e234a7\" data-element_type=\"widget\" data-e-type=\"widget\" data-widget_type=\"spacer.default\">\n\t\t\t\t<div class=\"elementor-widget-container\">\n\t\t\t\t\t\t\t<div class=\"elementor-spacer\">\n\t\t\t<div class=\"elementor-spacer-inner\"><\/div>\n\t\t<\/div>\n\t\t\t\t\t\t<\/div>\n\t\t\t\t<\/div>\n\t\t\t\t\t<\/div>\n\t\t<\/div>\n\t\t\t\t\t<\/div>\n\t\t<\/section>\n\t\t\t\t<\/div>","protected":false},"excerpt":{"rendered":"<p>biogas Den bakomliggande tekniken Svavelv\u00e4te ger inte bara en obehaglig lukt. Om koncentrationen \u00e4r tillr\u00e4ckligt h\u00f6g, kan det utg\u00f6ra en h\u00e4lsorisk \u2013 inte bara f\u00f6r m\u00e4nniskor och milj\u00f6, utan i h\u00f6g grad \u00e4ven f\u00f6r material som betong och metall\/st\u00e5l, liksom f\u00f6r elektronik. Tack vare den dubbla filterfunktionen sl\u00e4pper det hybridaktiva biofiltret bara igenom oskadliga och [&hellip;]<\/p>\n","protected":false},"author":1,"featured_media":0,"parent":0,"menu_order":0,"comment_status":"closed","ping_status":"closed","template":"","meta":{"site-sidebar-layout":"no-sidebar","site-content-layout":"page-builder","ast-site-content-layout":"default","site-content-style":"default","site-sidebar-style":"default","ast-global-header-display":"","ast-banner-title-visibility":"","ast-main-header-display":"","ast-hfb-above-header-display":"","ast-hfb-below-header-display":"","ast-hfb-mobile-header-display":"","site-post-title":"disabled","ast-breadcrumbs-content":"","ast-featured-img":"disabled","footer-sml-layout":"","ast-disable-related-posts":"","theme-transparent-header-meta":"","adv-header-id-meta":"","stick-header-meta":"","header-above-stick-meta":"","header-main-stick-meta":"","header-below-stick-meta":"","astra-migrate-meta-layouts":"default","ast-page-background-enabled":"default","ast-page-background-meta":{"desktop":{"background-color":"","background-image":"","background-repeat":"repeat","background-position":"center center","background-size":"auto","background-attachment":"scroll","background-type":"","background-media":"","overlay-type":"","overlay-color":"","overlay-opacity":"","overlay-gradient":""},"tablet":{"background-color":"","background-image":"","background-repeat":"repeat","background-position":"center center","background-size":"auto","background-attachment":"scroll","background-type":"","background-media":"","overlay-type":"","overlay-color":"","overlay-opacity":"","overlay-gradient":""},"mobile":{"background-color":"","background-image":"","background-repeat":"repeat","background-position":"center center","background-size":"auto","background-attachment":"scroll","background-type":"","background-media":"","overlay-type":"","overlay-color":"","overlay-opacity":"","overlay-gradient":""}},"ast-content-background-meta":{"desktop":{"background-color":"var(--ast-global-color-5)","background-image":"","background-repeat":"repeat","background-position":"center center","background-size":"auto","background-attachment":"scroll","background-type":"","background-media":"","overlay-type":"","overlay-color":"","overlay-opacity":"","overlay-gradient":""},"tablet":{"background-color":"var(--ast-global-color-5)","background-image":"","background-repeat":"repeat","background-position":"center center","background-size":"auto","background-attachment":"scroll","background-type":"","background-media":"","overlay-type":"","overlay-color":"","overlay-opacity":"","overlay-gradient":""},"mobile":{"background-color":"var(--ast-global-color-5)","background-image":"","background-repeat":"repeat","background-position":"center center","background-size":"auto","background-attachment":"scroll","background-type":"","background-media":"","overlay-type":"","overlay-color":"","overlay-opacity":"","overlay-gradient":""}},"footnotes":""},"class_list":["post-1484","page","type-page","status-publish","hentry"],"_links":{"self":[{"href":"https:\/\/hybridfilter.se\/nb\/wp-json\/wp\/v2\/pages\/1484","targetHints":{"allow":["GET"]}}],"collection":[{"href":"https:\/\/hybridfilter.se\/nb\/wp-json\/wp\/v2\/pages"}],"about":[{"href":"https:\/\/hybridfilter.se\/nb\/wp-json\/wp\/v2\/types\/page"}],"author":[{"embeddable":true,"href":"https:\/\/hybridfilter.se\/nb\/wp-json\/wp\/v2\/users\/1"}],"replies":[{"embeddable":true,"href":"https:\/\/hybridfilter.se\/nb\/wp-json\/wp\/v2\/comments?post=1484"}],"version-history":[{"count":7,"href":"https:\/\/hybridfilter.se\/nb\/wp-json\/wp\/v2\/pages\/1484\/revisions"}],"predecessor-version":[{"id":1493,"href":"https:\/\/hybridfilter.se\/nb\/wp-json\/wp\/v2\/pages\/1484\/revisions\/1493"}],"wp:attachment":[{"href":"https:\/\/hybridfilter.se\/nb\/wp-json\/wp\/v2\/media?parent=1484"}],"curies":[{"name":"wp","href":"https:\/\/api.w.org\/{rel}","templated":true}]}}