{"id":1475,"date":"2022-05-23T09:33:56","date_gmt":"2022-05-23T09:33:56","guid":{"rendered":"https:\/\/wp.hybridfilter.se\/?page_id=1475"},"modified":"2022-05-23T09:36:23","modified_gmt":"2022-05-23T09:36:23","slug":"purafil-2","status":"publish","type":"page","link":"https:\/\/hybridfilter.se\/nb\/purafil-2\/","title":{"rendered":"Purafil"},"content":{"rendered":"<div data-elementor-type=\"wp-page\" data-elementor-id=\"1475\" class=\"elementor elementor-1475\">\n\t\t\t\t\t\t<section class=\"elementor-section elementor-top-section elementor-element elementor-element-a4ba4d7 elementor-section-boxed elementor-section-height-default elementor-section-height-default\" data-id=\"a4ba4d7\" data-element_type=\"section\" data-e-type=\"section\">\n\t\t\t\t\t\t<div class=\"elementor-container elementor-column-gap-default\">\n\t\t\t\t\t<div class=\"elementor-column elementor-col-100 elementor-top-column elementor-element elementor-element-49a33d4\" data-id=\"49a33d4\" data-element_type=\"column\" data-e-type=\"column\">\n\t\t\t<div class=\"elementor-widget-wrap elementor-element-populated\">\n\t\t\t\t\t\t<div class=\"elementor-element elementor-element-139e8cc elementor-widget elementor-widget-spacer\" data-id=\"139e8cc\" data-element_type=\"widget\" data-e-type=\"widget\" data-widget_type=\"spacer.default\">\n\t\t\t\t<div class=\"elementor-widget-container\">\n\t\t\t\t\t\t\t<div class=\"elementor-spacer\">\n\t\t\t<div class=\"elementor-spacer-inner\"><\/div>\n\t\t<\/div>\n\t\t\t\t\t\t<\/div>\n\t\t\t\t<\/div>\n\t\t\t\t<div class=\"elementor-element elementor-element-c10bd04 elementor-widget elementor-widget-heading\" data-id=\"c10bd04\" data-element_type=\"widget\" data-e-type=\"widget\" data-widget_type=\"heading.default\">\n\t\t\t\t<div class=\"elementor-widget-container\">\n\t\t\t\t\t<h2 class=\"elementor-heading-title elementor-size-default\">Purafil<\/h2>\t\t\t\t<\/div>\n\t\t\t\t<\/div>\n\t\t\t\t<div class=\"elementor-element elementor-element-586b824 elementor-widget-divider--view-line elementor-widget elementor-widget-divider\" data-id=\"586b824\" data-element_type=\"widget\" data-e-type=\"widget\" data-widget_type=\"divider.default\">\n\t\t\t\t<div class=\"elementor-widget-container\">\n\t\t\t\t\t\t\t<div class=\"elementor-divider\">\n\t\t\t<span class=\"elementor-divider-separator\">\n\t\t\t\t\t\t<\/span>\n\t\t<\/div>\n\t\t\t\t\t\t<\/div>\n\t\t\t\t<\/div>\n\t\t\t\t\t<\/div>\n\t\t<\/div>\n\t\t\t\t\t<\/div>\n\t\t<\/section>\n\t\t\t\t<section class=\"elementor-section elementor-top-section elementor-element elementor-element-b2d905a elementor-section-boxed elementor-section-height-default elementor-section-height-default\" data-id=\"b2d905a\" data-element_type=\"section\" data-e-type=\"section\">\n\t\t\t\t\t\t<div class=\"elementor-container elementor-column-gap-default\">\n\t\t\t\t\t<div class=\"elementor-column elementor-col-50 elementor-top-column elementor-element elementor-element-6208cf1\" data-id=\"6208cf1\" data-element_type=\"column\" data-e-type=\"column\">\n\t\t\t<div class=\"elementor-widget-wrap elementor-element-populated\">\n\t\t\t\t\t\t<div class=\"elementor-element elementor-element-6323548 elementor-widget elementor-widget-text-editor\" data-id=\"6323548\" data-element_type=\"widget\" data-e-type=\"widget\" data-widget_type=\"text-editor.default\">\n\t\t\t\t<div class=\"elementor-widget-container\">\n\t\t\t\t\t\t\t\t\t<p><strong>Purafil Positive Pressurization Unit (PPU)<\/strong>\u00a0\u00e4r ett frist\u00e5ende luftreningssystem, designat f\u00f6r att tillhandah\u00e5lla tryckluft fri fr\u00e5n fr\u00e4tande gaser. PPU:n rekommenderas f\u00f6r kontrollerade milj\u00f6er som inneh\u00e5ller k\u00e4nslig datorelektronik och elektrisk utrustning. Den \u00e4r designad f\u00f6r att vara frist\u00e5ende, men kan \u00e4ven anv\u00e4ndas tillsammans med Purafils Corrosive-Air System n\u00e4r \u00e5tercirkulation kr\u00e4vs. Viktiga anv\u00e4ndningsomr\u00e5den f\u00f6r PPU:n \u00e4r datorrum, kontrollrum, motorstyrningscentraler och elutrustningsrum i industriella milj\u00f6er, som massa- och pappersbruk, petrokemiska fabriker, raffinaderier, st\u00e5lverk, laboratorier och andra processindustrier.<\/p><p><strong>Luft fri fr\u00e5n f\u00f6roreningar:<\/strong>\u00a0Purafils Positive Pressurization Unit levererar tryckluft, fri fr\u00e5n f\u00f6rorenande gaser, till en kontrollerad milj\u00f6. Luftens reningsniv\u00e5 uppfyller eller \u00f6verstiger fastst\u00e4llda branschstandarder, som International Society of Automations ISAS71.04- 1985. Den h\u00e4r standarden f\u00f6ljer garantikraven f\u00f6r de flesta dator- och instrumenttillverkare.<\/p><p><strong>Frist\u00e5ende trycksystem:<\/strong>\u00a0PPU:n \u00e4r designad f\u00f6r att uppr\u00e4tth\u00e5lla kontinuerligt positivt tryck inom utrymmet. Upp till 50 % av PPU:ns luft- hanteringskapacitet kan till\u00e4gnas \u00e5t att inf\u00f6ra tryckluft utifr\u00e5n, medan \u00f6vriga 50 % eller mer kan anv\u00e4ndas f\u00f6r \u00e5tercirkulation. PPU:n \u00e4r ett internt h\u00f6lje som inneh\u00e5ller en bl\u00e5sare, partikel- och gasfilter, en luftm\u00e4tningsstation, m\u00e4tenheter och ett f\u00e4ltjusterbart spj\u00e4ll. PPU:n \u00e4r designad f\u00f6r att fungera tillsammans med standardf\u00f6rpackad lufthanteringsutrustning.<\/p><p><strong>Riktar sig mot specifika gaser:<\/strong>\u00a0PPU:n \u00e4r konfigurerad med tv\u00e5 separata pass av kemiska filtreringsmedier. Det h\u00e4r g\u00f6r att en anv\u00e4ndare kan v\u00e4lja det medie vars prestandaegenskaper \u00e4r s\u00e4rskilt l\u00e4mpade f\u00f6r de f\u00f6roreningsgaser man vill \u00e5t. Purafil tillverkar ett fullst\u00e4ndigt sortiment av medier, vart och ett unikt effektivt mot specifika gaser.<\/p><p><strong>Flexibilitet i systemdesign:<\/strong>\u00a0PPU:n \u00e4r tillg\u00e4nglig i fyra horisontella och fyra vertikala konfigurationer, fr\u00e5n 500 CFM upp till 4 000 CFM. Flexibiliteten i PPU-systemdesignen ger en l\u00f6sning som kan skr\u00e4ddarsys f\u00f6r att uppfylla s\u00e4rskilda luftfiltreringsbehov och krav.<\/p><p><strong>Standardfunktioner:<\/strong><\/p><ul><li>Konstruktion i kallvalsat st\u00e5l med 14 m\u00e4tare<\/li><li>Fulladdat med granul\u00e4ra medier eller PuraGRID\u00ae- filter tillverkade av Purafil<\/li><li>Direktdriven fl\u00e4kt<\/li><li>Variabel frekvensdrift<\/li><li>Integrerat balanseringsspj\u00e4ll<\/li><li>0,2 IWG extern statik (m\u00e4ttade filter)<\/li><li>Partikelfilter<\/li><\/ul><p><strong>Valfria funktioner:<\/strong><\/p><ul><li>H\u00f6lje i aluminium eller rostfritt st\u00e5l<\/li><li>Specialmotorer<\/li><li>Omv\u00e4nt luftfl\u00f6de i vertikala enheter (upp\u00e5t)<\/li><li>Alternativa luft\u00f6ppningar f\u00f6r att matcha annan utrustning<\/li><li>Golvhjul (endast vertikal enhet)<\/li><li>Ytterligare ljudisolering f\u00f6r anv\u00e4nda utrymmen<\/li><li>V\u00e4derskydd (endast horisontell enhet)<\/li><li>Ytterligare extern statik<\/li><li>M\u00e4tenheter som m\u00e4ter rumstryck, luft p\u00e5 utsidan och partikeltryck<\/li><li>Luftm\u00e4tningsstation<\/li><\/ul>\t\t\t\t\t\t\t\t<\/div>\n\t\t\t\t<\/div>\n\t\t\t\t\t<\/div>\n\t\t<\/div>\n\t\t\t\t<div class=\"elementor-column elementor-col-50 elementor-top-column elementor-element elementor-element-50c6690\" data-id=\"50c6690\" data-element_type=\"column\" data-e-type=\"column\">\n\t\t\t<div class=\"elementor-widget-wrap elementor-element-populated\">\n\t\t\t\t\t\t<div class=\"elementor-element elementor-element-0045866 elementor-widget elementor-widget-spacer\" data-id=\"0045866\" data-element_type=\"widget\" data-e-type=\"widget\" data-widget_type=\"spacer.default\">\n\t\t\t\t<div class=\"elementor-widget-container\">\n\t\t\t\t\t\t\t<div class=\"elementor-spacer\">\n\t\t\t<div class=\"elementor-spacer-inner\"><\/div>\n\t\t<\/div>\n\t\t\t\t\t\t<\/div>\n\t\t\t\t<\/div>\n\t\t\t\t<div class=\"elementor-element elementor-element-1caa5a4 elementor-widget elementor-widget-image\" data-id=\"1caa5a4\" data-element_type=\"widget\" data-e-type=\"widget\" data-widget_type=\"image.default\">\n\t\t\t\t<div class=\"elementor-widget-container\">\n\t\t\t\t\t\t\t\t\t\t\t\t\t\t\t<img fetchpriority=\"high\" decoding=\"async\" width=\"850\" height=\"850\" src=\"https:\/\/hybridfilter.se\/wp-content\/uploads\/2022\/05\/Positive-Pressurerization-Unit_SE-1-1.jpg\" class=\"attachment-large size-large wp-image-1305\" alt=\"\" srcset=\"https:\/\/hybridfilter.se\/wp-content\/uploads\/2022\/05\/Positive-Pressurerization-Unit_SE-1-1.jpg 850w, https:\/\/hybridfilter.se\/wp-content\/uploads\/2022\/05\/Positive-Pressurerization-Unit_SE-1-1-300x300.jpg 300w, https:\/\/hybridfilter.se\/wp-content\/uploads\/2022\/05\/Positive-Pressurerization-Unit_SE-1-1-150x150.jpg 150w, https:\/\/hybridfilter.se\/wp-content\/uploads\/2022\/05\/Positive-Pressurerization-Unit_SE-1-1-768x768.jpg 768w\" sizes=\"(max-width: 850px) 100vw, 850px\" \/>\t\t\t\t\t\t\t\t\t\t\t\t\t\t\t<\/div>\n\t\t\t\t<\/div>\n\t\t\t\t\t<\/div>\n\t\t<\/div>\n\t\t\t\t\t<\/div>\n\t\t<\/section>\n\t\t\t\t<section class=\"elementor-section elementor-top-section elementor-element elementor-element-e389fe0 elementor-section-boxed elementor-section-height-default elementor-section-height-default\" data-id=\"e389fe0\" data-element_type=\"section\" data-e-type=\"section\">\n\t\t\t\t\t\t<div class=\"elementor-container elementor-column-gap-default\">\n\t\t\t\t\t<div class=\"elementor-column elementor-col-100 elementor-top-column elementor-element elementor-element-de09867\" data-id=\"de09867\" data-element_type=\"column\" data-e-type=\"column\">\n\t\t\t<div class=\"elementor-widget-wrap elementor-element-populated\">\n\t\t\t\t\t\t<div class=\"elementor-element elementor-element-90aaed8 elementor-widget-divider--view-line elementor-widget elementor-widget-divider\" data-id=\"90aaed8\" data-element_type=\"widget\" data-e-type=\"widget\" data-widget_type=\"divider.default\">\n\t\t\t\t<div class=\"elementor-widget-container\">\n\t\t\t\t\t\t\t<div class=\"elementor-divider\">\n\t\t\t<span class=\"elementor-divider-separator\">\n\t\t\t\t\t\t<\/span>\n\t\t<\/div>\n\t\t\t\t\t\t<\/div>\n\t\t\t\t<\/div>\n\t\t\t\t<div class=\"elementor-element elementor-element-9102df9 elementor-align-center elementor-widget elementor-widget-button\" data-id=\"9102df9\" data-element_type=\"widget\" data-e-type=\"widget\" data-widget_type=\"button.default\">\n\t\t\t\t<div class=\"elementor-widget-container\">\n\t\t\t\t\t\t\t\t\t<div class=\"elementor-button-wrapper\">\n\t\t\t\t\t<a class=\"elementor-button elementor-button-link elementor-size-sm\" href=\"https:\/\/hybridfilter.se\/wp-content\/uploads\/2022\/05\/Purafil.pdf\" target=\"_blank\">\n\t\t\t\t\t\t<span class=\"elementor-button-content-wrapper\">\n\t\t\t\t\t\t\t\t\t<span class=\"elementor-button-text\">broschyr<\/span>\n\t\t\t\t\t<\/span>\n\t\t\t\t\t<\/a>\n\t\t\t\t<\/div>\n\t\t\t\t\t\t\t\t<\/div>\n\t\t\t\t<\/div>\n\t\t\t\t<div class=\"elementor-element elementor-element-be7bc97 elementor-widget elementor-widget-spacer\" data-id=\"be7bc97\" data-element_type=\"widget\" data-e-type=\"widget\" data-widget_type=\"spacer.default\">\n\t\t\t\t<div class=\"elementor-widget-container\">\n\t\t\t\t\t\t\t<div class=\"elementor-spacer\">\n\t\t\t<div class=\"elementor-spacer-inner\"><\/div>\n\t\t<\/div>\n\t\t\t\t\t\t<\/div>\n\t\t\t\t<\/div>\n\t\t\t\t\t<\/div>\n\t\t<\/div>\n\t\t\t\t\t<\/div>\n\t\t<\/section>\n\t\t\t\t<\/div>","protected":false},"excerpt":{"rendered":"<p>Purafil Purafil Positive Pressurization Unit (PPU)\u00a0\u00e4r ett frist\u00e5ende luftreningssystem, designat f\u00f6r att tillhandah\u00e5lla tryckluft fri fr\u00e5n fr\u00e4tande gaser. PPU:n rekommenderas f\u00f6r kontrollerade milj\u00f6er som inneh\u00e5ller k\u00e4nslig datorelektronik och elektrisk utrustning. Den \u00e4r designad f\u00f6r att vara frist\u00e5ende, men kan \u00e4ven anv\u00e4ndas tillsammans med Purafils Corrosive-Air System n\u00e4r \u00e5tercirkulation kr\u00e4vs. Viktiga anv\u00e4ndningsomr\u00e5den f\u00f6r PPU:n \u00e4r datorrum, [&hellip;]<\/p>\n","protected":false},"author":1,"featured_media":0,"parent":0,"menu_order":0,"comment_status":"closed","ping_status":"closed","template":"","meta":{"site-sidebar-layout":"no-sidebar","site-content-layout":"page-builder","ast-site-content-layout":"default","site-content-style":"default","site-sidebar-style":"default","ast-global-header-display":"","ast-banner-title-visibility":"","ast-main-header-display":"","ast-hfb-above-header-display":"","ast-hfb-below-header-display":"","ast-hfb-mobile-header-display":"","site-post-title":"disabled","ast-breadcrumbs-content":"","ast-featured-img":"disabled","footer-sml-layout":"","ast-disable-related-posts":"","theme-transparent-header-meta":"","adv-header-id-meta":"","stick-header-meta":"","header-above-stick-meta":"","header-main-stick-meta":"","header-below-stick-meta":"","astra-migrate-meta-layouts":"default","ast-page-background-enabled":"default","ast-page-background-meta":{"desktop":{"background-color":"","background-image":"","background-repeat":"repeat","background-position":"center center","background-size":"auto","background-attachment":"scroll","background-type":"","background-media":"","overlay-type":"","overlay-color":"","overlay-opacity":"","overlay-gradient":""},"tablet":{"background-color":"","background-image":"","background-repeat":"repeat","background-position":"center center","background-size":"auto","background-attachment":"scroll","background-type":"","background-media":"","overlay-type":"","overlay-color":"","overlay-opacity":"","overlay-gradient":""},"mobile":{"background-color":"","background-image":"","background-repeat":"repeat","background-position":"center center","background-size":"auto","background-attachment":"scroll","background-type":"","background-media":"","overlay-type":"","overlay-color":"","overlay-opacity":"","overlay-gradient":""}},"ast-content-background-meta":{"desktop":{"background-color":"var(--ast-global-color-5)","background-image":"","background-repeat":"repeat","background-position":"center center","background-size":"auto","background-attachment":"scroll","background-type":"","background-media":"","overlay-type":"","overlay-color":"","overlay-opacity":"","overlay-gradient":""},"tablet":{"background-color":"var(--ast-global-color-5)","background-image":"","background-repeat":"repeat","background-position":"center center","background-size":"auto","background-attachment":"scroll","background-type":"","background-media":"","overlay-type":"","overlay-color":"","overlay-opacity":"","overlay-gradient":""},"mobile":{"background-color":"var(--ast-global-color-5)","background-image":"","background-repeat":"repeat","background-position":"center center","background-size":"auto","background-attachment":"scroll","background-type":"","background-media":"","overlay-type":"","overlay-color":"","overlay-opacity":"","overlay-gradient":""}},"footnotes":""},"class_list":["post-1475","page","type-page","status-publish","hentry"],"_links":{"self":[{"href":"https:\/\/hybridfilter.se\/nb\/wp-json\/wp\/v2\/pages\/1475","targetHints":{"allow":["GET"]}}],"collection":[{"href":"https:\/\/hybridfilter.se\/nb\/wp-json\/wp\/v2\/pages"}],"about":[{"href":"https:\/\/hybridfilter.se\/nb\/wp-json\/wp\/v2\/types\/page"}],"author":[{"embeddable":true,"href":"https:\/\/hybridfilter.se\/nb\/wp-json\/wp\/v2\/users\/1"}],"replies":[{"embeddable":true,"href":"https:\/\/hybridfilter.se\/nb\/wp-json\/wp\/v2\/comments?post=1475"}],"version-history":[{"count":4,"href":"https:\/\/hybridfilter.se\/nb\/wp-json\/wp\/v2\/pages\/1475\/revisions"}],"predecessor-version":[{"id":1480,"href":"https:\/\/hybridfilter.se\/nb\/wp-json\/wp\/v2\/pages\/1475\/revisions\/1480"}],"wp:attachment":[{"href":"https:\/\/hybridfilter.se\/nb\/wp-json\/wp\/v2\/media?parent=1475"}],"curies":[{"name":"wp","href":"https:\/\/api.w.org\/{rel}","templated":true}]}}