{"id":1441,"date":"2022-05-23T09:14:05","date_gmt":"2022-05-23T09:14:05","guid":{"rendered":"https:\/\/wp.hybridfilter.se\/?page_id=1441"},"modified":"2022-05-23T09:17:26","modified_gmt":"2022-05-23T09:17:26","slug":"biominifilter-160-2","status":"publish","type":"page","link":"https:\/\/hybridfilter.se\/nb\/biominifilter-160-2\/","title":{"rendered":"BioMinifilter-160"},"content":{"rendered":"<div data-elementor-type=\"wp-page\" data-elementor-id=\"1441\" class=\"elementor elementor-1441\">\n\t\t\t\t\t\t<section class=\"elementor-section elementor-top-section elementor-element elementor-element-4c9a481 elementor-section-boxed elementor-section-height-default elementor-section-height-default\" data-id=\"4c9a481\" data-element_type=\"section\" data-e-type=\"section\">\n\t\t\t\t\t\t<div class=\"elementor-container elementor-column-gap-default\">\n\t\t\t\t\t<div class=\"elementor-column elementor-col-100 elementor-top-column elementor-element elementor-element-a35298d\" data-id=\"a35298d\" data-element_type=\"column\" data-e-type=\"column\">\n\t\t\t<div class=\"elementor-widget-wrap elementor-element-populated\">\n\t\t\t\t\t\t<div class=\"elementor-element elementor-element-84406f9 elementor-widget elementor-widget-spacer\" data-id=\"84406f9\" data-element_type=\"widget\" data-e-type=\"widget\" data-widget_type=\"spacer.default\">\n\t\t\t\t<div class=\"elementor-widget-container\">\n\t\t\t\t\t\t\t<div class=\"elementor-spacer\">\n\t\t\t<div class=\"elementor-spacer-inner\"><\/div>\n\t\t<\/div>\n\t\t\t\t\t\t<\/div>\n\t\t\t\t<\/div>\n\t\t\t\t<div class=\"elementor-element elementor-element-47d921c elementor-widget elementor-widget-heading\" data-id=\"47d921c\" data-element_type=\"widget\" data-e-type=\"widget\" data-widget_type=\"heading.default\">\n\t\t\t\t<div class=\"elementor-widget-container\">\n\t\t\t\t\t<h2 class=\"elementor-heading-title elementor-size-default\">BioMinifilter-160<\/h2>\t\t\t\t<\/div>\n\t\t\t\t<\/div>\n\t\t\t\t<div class=\"elementor-element elementor-element-34b1bd5 elementor-widget-divider--view-line elementor-widget elementor-widget-divider\" data-id=\"34b1bd5\" data-element_type=\"widget\" data-e-type=\"widget\" data-widget_type=\"divider.default\">\n\t\t\t\t<div class=\"elementor-widget-container\">\n\t\t\t\t\t\t\t<div class=\"elementor-divider\">\n\t\t\t<span class=\"elementor-divider-separator\">\n\t\t\t\t\t\t<\/span>\n\t\t<\/div>\n\t\t\t\t\t\t<\/div>\n\t\t\t\t<\/div>\n\t\t\t\t\t<\/div>\n\t\t<\/div>\n\t\t\t\t\t<\/div>\n\t\t<\/section>\n\t\t\t\t<section class=\"elementor-section elementor-top-section elementor-element elementor-element-fdb7375 elementor-section-boxed elementor-section-height-default elementor-section-height-default\" data-id=\"fdb7375\" data-element_type=\"section\" data-e-type=\"section\">\n\t\t\t\t\t\t<div class=\"elementor-container elementor-column-gap-default\">\n\t\t\t\t\t<div class=\"elementor-column elementor-col-50 elementor-top-column elementor-element elementor-element-684e5b4\" data-id=\"684e5b4\" data-element_type=\"column\" data-e-type=\"column\">\n\t\t\t<div class=\"elementor-widget-wrap elementor-element-populated\">\n\t\t\t\t\t\t<div class=\"elementor-element elementor-element-01cf18b elementor-widget elementor-widget-text-editor\" data-id=\"01cf18b\" data-element_type=\"widget\" data-e-type=\"widget\" data-widget_type=\"text-editor.default\">\n\t\t\t\t<div class=\"elementor-widget-container\">\n\t\t\t\t\t\t\t\t\t<p>V\u00e5rat Mini-filter \u00d8160 monteras med f\u00f6rdel direkt i en \u00d8160 mm muff. P\u00e5 grund av att filtret inneh\u00e5ller kol\/hybridmassa, \u00e4r det mycket effektivt mot luktgaser och kan installeras p\u00e5 m\u00e5nga st\u00e4llen.<\/p><p><strong>Montering:<\/strong>\u00a0Monteres lodr\u00e4tt i en r\u00f6rmuff med packning, Sm\u00f6rj in med packningsfett f\u00f6r att underl\u00e4tta och att det blir t\u00e4tt runt filtret. R\u00f6rmuff kan k\u00f6pas p\u00e5 byggvaruhus.<\/p><p><strong>Levetid:<\/strong>\u00a0Beroende p\u00e5 belastning varierar livsl\u00e4ngden p\u00e5 filtret, gaskoncentration och antal partiklar i Luften som passerar genom filtret p\u00e5verkar. Baserat p\u00e5 tester och erfarenhet fr\u00e5n installationer kan vi s\u00e4ga att livsl\u00e4ngden p\u00e5 filtret \u00e4r fr\u00e5n ett till flera \u00e5r. N\u00e4r Hybridfiltret \u00e4r m\u00e4ttat, det vill s\u00e4ga n\u00e4r det b\u00f6rjar lukta igen byts hela enheten ut<\/p>\t\t\t\t\t\t\t\t<\/div>\n\t\t\t\t<\/div>\n\t\t\t\t\t<\/div>\n\t\t<\/div>\n\t\t\t\t<div class=\"elementor-column elementor-col-50 elementor-top-column elementor-element elementor-element-ab747a7\" data-id=\"ab747a7\" data-element_type=\"column\" data-e-type=\"column\">\n\t\t\t<div class=\"elementor-widget-wrap elementor-element-populated\">\n\t\t\t\t\t\t<div class=\"elementor-element elementor-element-8d737e2 elementor-widget elementor-widget-image\" data-id=\"8d737e2\" data-element_type=\"widget\" data-e-type=\"widget\" data-widget_type=\"image.default\">\n\t\t\t\t<div class=\"elementor-widget-container\">\n\t\t\t\t\t\t\t\t\t\t\t\t\t\t\t<img fetchpriority=\"high\" decoding=\"async\" width=\"435\" height=\"377\" src=\"https:\/\/hybridfilter.se\/wp-content\/uploads\/2022\/05\/MFO160HF.png\" class=\"attachment-large size-large wp-image-1309\" alt=\"\" srcset=\"https:\/\/hybridfilter.se\/wp-content\/uploads\/2022\/05\/MFO160HF.png 435w, https:\/\/hybridfilter.se\/wp-content\/uploads\/2022\/05\/MFO160HF-300x260.png 300w\" sizes=\"(max-width: 435px) 100vw, 435px\" \/>\t\t\t\t\t\t\t\t\t\t\t\t\t\t\t<\/div>\n\t\t\t\t<\/div>\n\t\t\t\t\t<\/div>\n\t\t<\/div>\n\t\t\t\t\t<\/div>\n\t\t<\/section>\n\t\t\t\t<section class=\"elementor-section elementor-top-section elementor-element elementor-element-05e291f elementor-section-boxed elementor-section-height-default elementor-section-height-default\" data-id=\"05e291f\" data-element_type=\"section\" data-e-type=\"section\">\n\t\t\t\t\t\t<div class=\"elementor-container elementor-column-gap-default\">\n\t\t\t\t\t<div class=\"elementor-column elementor-col-100 elementor-top-column elementor-element elementor-element-4381be8\" data-id=\"4381be8\" data-element_type=\"column\" data-e-type=\"column\">\n\t\t\t<div class=\"elementor-widget-wrap elementor-element-populated\">\n\t\t\t\t\t\t<div class=\"elementor-element elementor-element-1fe313d elementor-widget-divider--view-line elementor-widget elementor-widget-divider\" data-id=\"1fe313d\" data-element_type=\"widget\" data-e-type=\"widget\" data-widget_type=\"divider.default\">\n\t\t\t\t<div class=\"elementor-widget-container\">\n\t\t\t\t\t\t\t<div class=\"elementor-divider\">\n\t\t\t<span class=\"elementor-divider-separator\">\n\t\t\t\t\t\t<\/span>\n\t\t<\/div>\n\t\t\t\t\t\t<\/div>\n\t\t\t\t<\/div>\n\t\t\t\t<div class=\"elementor-element elementor-element-f5fad41 elementor-align-center elementor-widget elementor-widget-button\" data-id=\"f5fad41\" data-element_type=\"widget\" data-e-type=\"widget\" data-widget_type=\"button.default\">\n\t\t\t\t<div class=\"elementor-widget-container\">\n\t\t\t\t\t\t\t\t\t<div class=\"elementor-button-wrapper\">\n\t\t\t\t\t<a class=\"elementor-button elementor-button-link elementor-size-sm\" href=\"https:\/\/hybridfilter.se\/wp-content\/uploads\/2022\/05\/BioMinifilter-160.pdf\" target=\"_blank\">\n\t\t\t\t\t\t<span class=\"elementor-button-content-wrapper\">\n\t\t\t\t\t\t\t\t\t<span class=\"elementor-button-text\">broschyr<\/span>\n\t\t\t\t\t<\/span>\n\t\t\t\t\t<\/a>\n\t\t\t\t<\/div>\n\t\t\t\t\t\t\t\t<\/div>\n\t\t\t\t<\/div>\n\t\t\t\t<div class=\"elementor-element elementor-element-668ba9a elementor-widget elementor-widget-spacer\" data-id=\"668ba9a\" data-element_type=\"widget\" data-e-type=\"widget\" data-widget_type=\"spacer.default\">\n\t\t\t\t<div class=\"elementor-widget-container\">\n\t\t\t\t\t\t\t<div class=\"elementor-spacer\">\n\t\t\t<div class=\"elementor-spacer-inner\"><\/div>\n\t\t<\/div>\n\t\t\t\t\t\t<\/div>\n\t\t\t\t<\/div>\n\t\t\t\t\t<\/div>\n\t\t<\/div>\n\t\t\t\t\t<\/div>\n\t\t<\/section>\n\t\t\t\t<\/div>","protected":false},"excerpt":{"rendered":"<p>BioMinifilter-160 V\u00e5rat Mini-filter \u00d8160 monteras med f\u00f6rdel direkt i en \u00d8160 mm muff. P\u00e5 grund av att filtret inneh\u00e5ller kol\/hybridmassa, \u00e4r det mycket effektivt mot luktgaser och kan installeras p\u00e5 m\u00e5nga st\u00e4llen. Montering:\u00a0Monteres lodr\u00e4tt i en r\u00f6rmuff med packning, Sm\u00f6rj in med packningsfett f\u00f6r att underl\u00e4tta och att det blir t\u00e4tt runt filtret. R\u00f6rmuff kan [&hellip;]<\/p>\n","protected":false},"author":1,"featured_media":0,"parent":0,"menu_order":0,"comment_status":"closed","ping_status":"closed","template":"","meta":{"site-sidebar-layout":"no-sidebar","site-content-layout":"page-builder","ast-site-content-layout":"default","site-content-style":"default","site-sidebar-style":"default","ast-global-header-display":"","ast-banner-title-visibility":"","ast-main-header-display":"","ast-hfb-above-header-display":"","ast-hfb-below-header-display":"","ast-hfb-mobile-header-display":"","site-post-title":"disabled","ast-breadcrumbs-content":"","ast-featured-img":"disabled","footer-sml-layout":"","ast-disable-related-posts":"","theme-transparent-header-meta":"","adv-header-id-meta":"","stick-header-meta":"","header-above-stick-meta":"","header-main-stick-meta":"","header-below-stick-meta":"","astra-migrate-meta-layouts":"default","ast-page-background-enabled":"default","ast-page-background-meta":{"desktop":{"background-color":"","background-image":"","background-repeat":"repeat","background-position":"center center","background-size":"auto","background-attachment":"scroll","background-type":"","background-media":"","overlay-type":"","overlay-color":"","overlay-opacity":"","overlay-gradient":""},"tablet":{"background-color":"","background-image":"","background-repeat":"repeat","background-position":"center center","background-size":"auto","background-attachment":"scroll","background-type":"","background-media":"","overlay-type":"","overlay-color":"","overlay-opacity":"","overlay-gradient":""},"mobile":{"background-color":"","background-image":"","background-repeat":"repeat","background-position":"center center","background-size":"auto","background-attachment":"scroll","background-type":"","background-media":"","overlay-type":"","overlay-color":"","overlay-opacity":"","overlay-gradient":""}},"ast-content-background-meta":{"desktop":{"background-color":"var(--ast-global-color-5)","background-image":"","background-repeat":"repeat","background-position":"center center","background-size":"auto","background-attachment":"scroll","background-type":"","background-media":"","overlay-type":"","overlay-color":"","overlay-opacity":"","overlay-gradient":""},"tablet":{"background-color":"var(--ast-global-color-5)","background-image":"","background-repeat":"repeat","background-position":"center center","background-size":"auto","background-attachment":"scroll","background-type":"","background-media":"","overlay-type":"","overlay-color":"","overlay-opacity":"","overlay-gradient":""},"mobile":{"background-color":"var(--ast-global-color-5)","background-image":"","background-repeat":"repeat","background-position":"center center","background-size":"auto","background-attachment":"scroll","background-type":"","background-media":"","overlay-type":"","overlay-color":"","overlay-opacity":"","overlay-gradient":""}},"footnotes":""},"class_list":["post-1441","page","type-page","status-publish","hentry"],"_links":{"self":[{"href":"https:\/\/hybridfilter.se\/nb\/wp-json\/wp\/v2\/pages\/1441","targetHints":{"allow":["GET"]}}],"collection":[{"href":"https:\/\/hybridfilter.se\/nb\/wp-json\/wp\/v2\/pages"}],"about":[{"href":"https:\/\/hybridfilter.se\/nb\/wp-json\/wp\/v2\/types\/page"}],"author":[{"embeddable":true,"href":"https:\/\/hybridfilter.se\/nb\/wp-json\/wp\/v2\/users\/1"}],"replies":[{"embeddable":true,"href":"https:\/\/hybridfilter.se\/nb\/wp-json\/wp\/v2\/comments?post=1441"}],"version-history":[{"count":4,"href":"https:\/\/hybridfilter.se\/nb\/wp-json\/wp\/v2\/pages\/1441\/revisions"}],"predecessor-version":[{"id":1446,"href":"https:\/\/hybridfilter.se\/nb\/wp-json\/wp\/v2\/pages\/1441\/revisions\/1446"}],"wp:attachment":[{"href":"https:\/\/hybridfilter.se\/nb\/wp-json\/wp\/v2\/media?parent=1441"}],"curies":[{"name":"wp","href":"https:\/\/api.w.org\/{rel}","templated":true}]}}