{"id":1404,"date":"2022-05-23T08:23:08","date_gmt":"2022-05-23T08:23:08","guid":{"rendered":"https:\/\/wp.hybridfilter.se\/?page_id=1404"},"modified":"2022-05-23T08:23:34","modified_gmt":"2022-05-23T08:23:34","slug":"biomax-100-m3","status":"publish","type":"page","link":"https:\/\/hybridfilter.se\/nb\/biomax-100-m3\/","title":{"rendered":"BioMax 100 m3"},"content":{"rendered":"<div data-elementor-type=\"wp-page\" data-elementor-id=\"1404\" class=\"elementor elementor-1404\">\n\t\t\t\t\t\t<section class=\"elementor-section elementor-top-section elementor-element elementor-element-7daf48a elementor-section-boxed elementor-section-height-default elementor-section-height-default\" data-id=\"7daf48a\" data-element_type=\"section\" data-e-type=\"section\">\n\t\t\t\t\t\t<div class=\"elementor-container elementor-column-gap-default\">\n\t\t\t\t\t<div class=\"elementor-column elementor-col-100 elementor-top-column elementor-element elementor-element-bf10551\" data-id=\"bf10551\" data-element_type=\"column\" data-e-type=\"column\">\n\t\t\t<div class=\"elementor-widget-wrap elementor-element-populated\">\n\t\t\t\t\t\t<div class=\"elementor-element elementor-element-05353b4 elementor-widget elementor-widget-spacer\" data-id=\"05353b4\" data-element_type=\"widget\" data-e-type=\"widget\" data-widget_type=\"spacer.default\">\n\t\t\t\t<div class=\"elementor-widget-container\">\n\t\t\t\t\t\t\t<div class=\"elementor-spacer\">\n\t\t\t<div class=\"elementor-spacer-inner\"><\/div>\n\t\t<\/div>\n\t\t\t\t\t\t<\/div>\n\t\t\t\t<\/div>\n\t\t\t\t<div class=\"elementor-element elementor-element-9bd75b8 elementor-widget elementor-widget-heading\" data-id=\"9bd75b8\" data-element_type=\"widget\" data-e-type=\"widget\" data-widget_type=\"heading.default\">\n\t\t\t\t<div class=\"elementor-widget-container\">\n\t\t\t\t\t<h2 class=\"elementor-heading-title elementor-size-default\">BioMax 100 m3<\/h2>\t\t\t\t<\/div>\n\t\t\t\t<\/div>\n\t\t\t\t<div class=\"elementor-element elementor-element-c3127b7 elementor-widget-divider--view-line elementor-widget elementor-widget-divider\" data-id=\"c3127b7\" data-element_type=\"widget\" data-e-type=\"widget\" data-widget_type=\"divider.default\">\n\t\t\t\t<div class=\"elementor-widget-container\">\n\t\t\t\t\t\t\t<div class=\"elementor-divider\">\n\t\t\t<span class=\"elementor-divider-separator\">\n\t\t\t\t\t\t<\/span>\n\t\t<\/div>\n\t\t\t\t\t\t<\/div>\n\t\t\t\t<\/div>\n\t\t\t\t\t<\/div>\n\t\t<\/div>\n\t\t\t\t\t<\/div>\n\t\t<\/section>\n\t\t\t\t<section class=\"elementor-section elementor-top-section elementor-element elementor-element-2b4e89b elementor-section-boxed elementor-section-height-default elementor-section-height-default\" data-id=\"2b4e89b\" data-element_type=\"section\" data-e-type=\"section\">\n\t\t\t\t\t\t<div class=\"elementor-container elementor-column-gap-default\">\n\t\t\t\t\t<div class=\"elementor-column elementor-col-50 elementor-top-column elementor-element elementor-element-3389d1b\" data-id=\"3389d1b\" data-element_type=\"column\" data-e-type=\"column\">\n\t\t\t<div class=\"elementor-widget-wrap elementor-element-populated\">\n\t\t\t\t\t\t<div class=\"elementor-element elementor-element-18eb164 elementor-widget elementor-widget-text-editor\" data-id=\"18eb164\" data-element_type=\"widget\" data-e-type=\"widget\" data-widget_type=\"text-editor.default\">\n\t\t\t\t<div class=\"elementor-widget-container\">\n\t\t\t\t\t\t\t\t\t<p>Det nya, innovativa Biomax-100 filter \u00e4r speciellt designad f\u00f6r behandling av kraftiga luktgas-emissioner. Biomax-100 filteret installeras f\u00f6r behandling av utbl\u00e5sningsluften fr\u00e5n r\u00f6r inneh\u00e5llande medium till h\u00f6ga lukt-emissioner. Installeras med f\u00f6rdel till behandling av utbl\u00e5sningsluften inom industrin som biogasanl\u00e4ggningar, raffinaderier, petrokemisk industri, pappersindustrin, bryggerier s\u00e5v\u00e4l som livsmedelsindustrin (slakterier, minkfoderindustri).<\/p><p>\u00d6vriga anv\u00e4ndningsomr\u00e5den med goda resultat \u00e4r spillvattenmilj\u00f6 som exempelvis, pumpstationer, ledningsn\u00e4t, uppeh\u00e5llsmagasin och liknande omr\u00e5den med kraftig luktbelastning. I Hybridfiltret sker en biologisk rening av svavelv\u00e4te, genom biomassan och det aktiva kolet som \u00e4r sammanbyggt i ett filter. Biomassan arbetar ner till 5 grader Celsius, under den temperaturen jobbar det aktiva kolet.<\/p><p>Hybridfiltret f\u00f6rorsakar n\u00e4stan ingen tryckf\u00f6rlust, d\u00e5 det inte p\u00e5verkas i vikt av svavelv\u00e4te under hela livsl\u00e4ngden. Den genomsnittliga livsl\u00e4ngden f\u00f6r Hybridfilter \u00e4r via den biologiska nedbrytningen av gaser f\u00f6rb\u00e4ttrad j\u00e4mf\u00f6rt med kolfilter. Beroende p\u00e5 belastning och volymen av luftfl\u00f6det, varierar filterlivsl\u00e4ngden fr\u00e5n 1 till flera \u00e5r.<\/p>\t\t\t\t\t\t\t\t<\/div>\n\t\t\t\t<\/div>\n\t\t\t\t\t<\/div>\n\t\t<\/div>\n\t\t\t\t<div class=\"elementor-column elementor-col-50 elementor-top-column elementor-element elementor-element-5696129\" data-id=\"5696129\" data-element_type=\"column\" data-e-type=\"column\">\n\t\t\t<div class=\"elementor-widget-wrap elementor-element-populated\">\n\t\t\t\t\t\t<div class=\"elementor-element elementor-element-72fdd92 elementor-widget elementor-widget-spacer\" data-id=\"72fdd92\" data-element_type=\"widget\" data-e-type=\"widget\" data-widget_type=\"spacer.default\">\n\t\t\t\t<div class=\"elementor-widget-container\">\n\t\t\t\t\t\t\t<div class=\"elementor-spacer\">\n\t\t\t<div class=\"elementor-spacer-inner\"><\/div>\n\t\t<\/div>\n\t\t\t\t\t\t<\/div>\n\t\t\t\t<\/div>\n\t\t\t\t<div class=\"elementor-element elementor-element-5119a06 elementor-widget elementor-widget-image\" data-id=\"5119a06\" data-element_type=\"widget\" data-e-type=\"widget\" data-widget_type=\"image.default\">\n\t\t\t\t<div class=\"elementor-widget-container\">\n\t\t\t\t\t\t\t\t\t\t\t\t\t\t\t<img fetchpriority=\"high\" decoding=\"async\" width=\"443\" height=\"443\" src=\"https:\/\/hybridfilter.se\/wp-content\/uploads\/2022\/05\/Biomini-100_100m3.png\" class=\"attachment-large size-large wp-image-1307\" alt=\"\" srcset=\"https:\/\/hybridfilter.se\/wp-content\/uploads\/2022\/05\/Biomini-100_100m3.png 443w, https:\/\/hybridfilter.se\/wp-content\/uploads\/2022\/05\/Biomini-100_100m3-300x300.png 300w, https:\/\/hybridfilter.se\/wp-content\/uploads\/2022\/05\/Biomini-100_100m3-150x150.png 150w\" sizes=\"(max-width: 443px) 100vw, 443px\" \/>\t\t\t\t\t\t\t\t\t\t\t\t\t\t\t<\/div>\n\t\t\t\t<\/div>\n\t\t\t\t\t<\/div>\n\t\t<\/div>\n\t\t\t\t\t<\/div>\n\t\t<\/section>\n\t\t\t\t<section class=\"elementor-section elementor-top-section elementor-element elementor-element-7bbb9a2 elementor-section-boxed elementor-section-height-default elementor-section-height-default\" data-id=\"7bbb9a2\" data-element_type=\"section\" data-e-type=\"section\">\n\t\t\t\t\t\t<div class=\"elementor-container elementor-column-gap-default\">\n\t\t\t\t\t<div class=\"elementor-column elementor-col-100 elementor-top-column elementor-element elementor-element-aa01b54\" data-id=\"aa01b54\" data-element_type=\"column\" data-e-type=\"column\">\n\t\t\t<div class=\"elementor-widget-wrap elementor-element-populated\">\n\t\t\t\t\t\t<div class=\"elementor-element elementor-element-1168c22 elementor-widget-divider--view-line elementor-widget elementor-widget-divider\" data-id=\"1168c22\" data-element_type=\"widget\" data-e-type=\"widget\" data-widget_type=\"divider.default\">\n\t\t\t\t<div class=\"elementor-widget-container\">\n\t\t\t\t\t\t\t<div class=\"elementor-divider\">\n\t\t\t<span class=\"elementor-divider-separator\">\n\t\t\t\t\t\t<\/span>\n\t\t<\/div>\n\t\t\t\t\t\t<\/div>\n\t\t\t\t<\/div>\n\t\t\t\t<div class=\"elementor-element elementor-element-b1c52dd elementor-align-center elementor-widget elementor-widget-button\" data-id=\"b1c52dd\" data-element_type=\"widget\" data-e-type=\"widget\" data-widget_type=\"button.default\">\n\t\t\t\t<div class=\"elementor-widget-container\">\n\t\t\t\t\t\t\t\t\t<div class=\"elementor-button-wrapper\">\n\t\t\t\t\t<a class=\"elementor-button elementor-button-link elementor-size-sm\" href=\"https:\/\/hybridfilter.se\/wp-content\/uploads\/2022\/05\/BioMax-100.pdf\" target=\"_blank\">\n\t\t\t\t\t\t<span class=\"elementor-button-content-wrapper\">\n\t\t\t\t\t\t\t\t\t<span class=\"elementor-button-text\">broschyr<\/span>\n\t\t\t\t\t<\/span>\n\t\t\t\t\t<\/a>\n\t\t\t\t<\/div>\n\t\t\t\t\t\t\t\t<\/div>\n\t\t\t\t<\/div>\n\t\t\t\t<div class=\"elementor-element elementor-element-bac3938 elementor-widget elementor-widget-spacer\" data-id=\"bac3938\" data-element_type=\"widget\" data-e-type=\"widget\" data-widget_type=\"spacer.default\">\n\t\t\t\t<div class=\"elementor-widget-container\">\n\t\t\t\t\t\t\t<div class=\"elementor-spacer\">\n\t\t\t<div class=\"elementor-spacer-inner\"><\/div>\n\t\t<\/div>\n\t\t\t\t\t\t<\/div>\n\t\t\t\t<\/div>\n\t\t\t\t\t<\/div>\n\t\t<\/div>\n\t\t\t\t\t<\/div>\n\t\t<\/section>\n\t\t\t\t<\/div>","protected":false},"excerpt":{"rendered":"<p>BioMax 100 m3 Det nya, innovativa Biomax-100 filter \u00e4r speciellt designad f\u00f6r behandling av kraftiga luktgas-emissioner. Biomax-100 filteret installeras f\u00f6r behandling av utbl\u00e5sningsluften fr\u00e5n r\u00f6r inneh\u00e5llande medium till h\u00f6ga lukt-emissioner. Installeras med f\u00f6rdel till behandling av utbl\u00e5sningsluften inom industrin som biogasanl\u00e4ggningar, raffinaderier, petrokemisk industri, pappersindustrin, bryggerier s\u00e5v\u00e4l som livsmedelsindustrin (slakterier, minkfoderindustri). \u00d6vriga anv\u00e4ndningsomr\u00e5den med goda [&hellip;]<\/p>\n","protected":false},"author":1,"featured_media":0,"parent":0,"menu_order":0,"comment_status":"closed","ping_status":"closed","template":"","meta":{"site-sidebar-layout":"no-sidebar","site-content-layout":"page-builder","ast-site-content-layout":"default","site-content-style":"default","site-sidebar-style":"default","ast-global-header-display":"","ast-banner-title-visibility":"","ast-main-header-display":"","ast-hfb-above-header-display":"","ast-hfb-below-header-display":"","ast-hfb-mobile-header-display":"","site-post-title":"disabled","ast-breadcrumbs-content":"","ast-featured-img":"disabled","footer-sml-layout":"","ast-disable-related-posts":"","theme-transparent-header-meta":"","adv-header-id-meta":"","stick-header-meta":"","header-above-stick-meta":"","header-main-stick-meta":"","header-below-stick-meta":"","astra-migrate-meta-layouts":"default","ast-page-background-enabled":"default","ast-page-background-meta":{"desktop":{"background-color":"","background-image":"","background-repeat":"repeat","background-position":"center center","background-size":"auto","background-attachment":"scroll","background-type":"","background-media":"","overlay-type":"","overlay-color":"","overlay-opacity":"","overlay-gradient":""},"tablet":{"background-color":"","background-image":"","background-repeat":"repeat","background-position":"center center","background-size":"auto","background-attachment":"scroll","background-type":"","background-media":"","overlay-type":"","overlay-color":"","overlay-opacity":"","overlay-gradient":""},"mobile":{"background-color":"","background-image":"","background-repeat":"repeat","background-position":"center center","background-size":"auto","background-attachment":"scroll","background-type":"","background-media":"","overlay-type":"","overlay-color":"","overlay-opacity":"","overlay-gradient":""}},"ast-content-background-meta":{"desktop":{"background-color":"var(--ast-global-color-5)","background-image":"","background-repeat":"repeat","background-position":"center center","background-size":"auto","background-attachment":"scroll","background-type":"","background-media":"","overlay-type":"","overlay-color":"","overlay-opacity":"","overlay-gradient":""},"tablet":{"background-color":"var(--ast-global-color-5)","background-image":"","background-repeat":"repeat","background-position":"center center","background-size":"auto","background-attachment":"scroll","background-type":"","background-media":"","overlay-type":"","overlay-color":"","overlay-opacity":"","overlay-gradient":""},"mobile":{"background-color":"var(--ast-global-color-5)","background-image":"","background-repeat":"repeat","background-position":"center center","background-size":"auto","background-attachment":"scroll","background-type":"","background-media":"","overlay-type":"","overlay-color":"","overlay-opacity":"","overlay-gradient":""}},"footnotes":""},"class_list":["post-1404","page","type-page","status-publish","hentry"],"_links":{"self":[{"href":"https:\/\/hybridfilter.se\/nb\/wp-json\/wp\/v2\/pages\/1404","targetHints":{"allow":["GET"]}}],"collection":[{"href":"https:\/\/hybridfilter.se\/nb\/wp-json\/wp\/v2\/pages"}],"about":[{"href":"https:\/\/hybridfilter.se\/nb\/wp-json\/wp\/v2\/types\/page"}],"author":[{"embeddable":true,"href":"https:\/\/hybridfilter.se\/nb\/wp-json\/wp\/v2\/users\/1"}],"replies":[{"embeddable":true,"href":"https:\/\/hybridfilter.se\/nb\/wp-json\/wp\/v2\/comments?post=1404"}],"version-history":[{"count":7,"href":"https:\/\/hybridfilter.se\/nb\/wp-json\/wp\/v2\/pages\/1404\/revisions"}],"predecessor-version":[{"id":1412,"href":"https:\/\/hybridfilter.se\/nb\/wp-json\/wp\/v2\/pages\/1404\/revisions\/1412"}],"wp:attachment":[{"href":"https:\/\/hybridfilter.se\/nb\/wp-json\/wp\/v2\/media?parent=1404"}],"curies":[{"name":"wp","href":"https:\/\/api.w.org\/{rel}","templated":true}]}}